{"id":732,"date":"2020-10-07T15:45:44","date_gmt":"2020-10-07T22:45:44","guid":{"rendered":"http:\/\/yukonhumanrights.ca\/privacy-policy\/"},"modified":"2021-01-25T10:51:48","modified_gmt":"2021-01-25T17:51:48","slug":"politiques-de-confidentialites","status":"publish","type":"page","link":"https:\/\/yukonhumanrights.ca\/fr\/politiques-de-confidentialites\/","title":{"rendered":"Politiques de confidentialit\u00e9"},"content":{"rendered":"<div class=\"wpb-content-wrapper\"><p>[vc_row][vc_column width=\u00a0\u00bb1\/6&Prime;][\/vc_column][vc_column width=\u00a0\u00bb2\/3&Prime;]<div id=\"ultimate-heading-674169faa52308afc\" class=\"uvc-heading ult-adjust-bottom-margin ultimate-heading-674169faa52308afc uvc-4276 title uvc-heading-default-font-sizes\" data-hspacer=\"no_spacer\"  data-halign=\"center\" style=\"text-align:center\"><div class=\"uvc-heading-spacer no_spacer\" style=\"top\"><\/div><div class=\"uvc-main-heading ult-responsive\"  data-ultimate-target='.uvc-heading.ultimate-heading-674169faa52308afc h1'  data-responsive-json-new='{\"font-size\":\"\",\"line-height\":\"\"}' ><h1 style=\"--font-weight:theme;\">Politiques de confidentialit\u00e9<\/h1><\/div><\/div>[\/vc_column][vc_column width=\u00a0\u00bb1\/6&Prime;][\/vc_column][\/vc_row][vc_row full_width=\u00a0\u00bbstretch_row\u00a0\u00bb bg_type=\u00a0\u00bbimage\u00a0\u00bb parallax_style=\u00a0\u00bbvcpb-default\u00a0\u00bb bg_image_new=\u00a0\u00bbid^41|url^http:\/\/yukonhumanrights.ca\/wp-content\/uploads\/2020\/09\/blue-background.jpg|caption^null|alt^null|title^blue-background|description^null\u00a0\u00bb bg_image_repeat=\u00a0\u00bbno-repeat\u00a0\u00bb bg_img_attach=\u00a0\u00bbfixed\u00a0\u00bb el_class=\u00a0\u00bbcontent-wrapper\u00a0\u00bb][vc_column][vc_row_inner el_class=\u00a0\u00bbwhite-box white-box-top\u00a0\u00bb][vc_column_inner][vc_column_text css=\u00a0\u00bb.vc_custom_1611597097258{margin-top: 20px !important;}\u00a0\u00bb]<\/p>\n<h2>Protection des renseignements personnels<\/h2>\n<p>La Commission des droits de la personne du Yukon (la Commission) est d\u00e9termin\u00e9e \u00e0 respecter et \u00e0 prot\u00e9ger la vie priv\u00e9e des particuliers et des organismes qui acc\u00e8dent \u00e0 son site Web. La Commission ne recueille pas automatiquement des renseignements personnels, par exemple votre nom, num\u00e9ro de t\u00e9l\u00e9phone ou courriel, si vous consultez son site Web ou si vous t\u00e9l\u00e9chargez des documents \u00e0 partir de son site. La Commission n\u2019aura acc\u00e8s \u00e0 ces renseignements que si vous les lui fournissez de votre plein gr\u00e9 en contactant nos bureaux.<\/p>\n<p>Certaines informations, comme le nom de domaine de votre site Web ou votre adresse\u00a0IP, pourraient permettre de vous identifier. La quantit\u00e9 de renseignements personnels qui parvient \u00e0 la Commission lorsque vous consultez son site Web d\u00e9pend des \u00ab\u00a0normes de d\u00e9nomination\u00a0\u00bb de votre fournisseur d\u2019acc\u00e8s Internet. V\u00e9rifiez aupr\u00e8s de ce dernier quelles sont ses politiques et ses pratiques en la mati\u00e8re.<\/p>\n<p>Les renseignements personnels qui pourraient malgr\u00e9 tout \u00eatre envoy\u00e9s au serveur de la Commission seront utilis\u00e9s uniquement pour assurer la s\u00e9curit\u00e9 et le fonctionnement du site Web. G\u00e9n\u00e9ralement, la Commission n\u2019essaie pas d\u2019identifier les particuliers qui consultent son site Web \u00e0 l\u2019aide de leur adresse\u00a0IP. Si une tentative d\u2019endommager le site ou un bris de s\u00e9curit\u00e9 potentiel \u00e9tait d\u00e9cel\u00e9, la Commission pourrait prendre d\u2019autres mesures.<\/p>\n<p>La Commission peut analyser des donn\u00e9es anonymis\u00e9es de trafic sur son site Web pour am\u00e9liorer ses services. Elle limite l\u2019usage des t\u00e9moins aux seuls cas o\u00f9 ils sont essentiels pour le bon fonctionnement de son site Web.<\/p>\n<h2>Vos choix<\/h2>\n<p>Vous pouvez choisir de nous fournir des renseignements personnels, comme votre nom, adresse, num\u00e9ro de t\u00e9l\u00e9phone et courriel, si vous vous renseignez ou si vous d\u00e9posez une plainte aupr\u00e8s de la Commission. Si vous d\u00e9cidez de ne pas passer par Internet pour fournir des renseignements personnels, vous pouvez contacter la Commission par t\u00e9l\u00e9phone ou par t\u00e9l\u00e9copieur, ou venir nous voir en personne. Afin de r\u00e9duire autant que possible la quantit\u00e9 de renseignements personnels recueillis en passant par Internet, les plaintes en vertu de la<em> Loi sur les droits de la personne<\/em>, LRY 2002, ch. 116, ne peuvent pas \u00eatre envoy\u00e9es \u00e0 la Commission \u00e0 partir de son site Web.<\/p>\n<p>Si vous d\u00e9cidez de fournir des renseignements personnels, la Commission s\u2019en servira en conformit\u00e9 avec le paragraphe\u00a034(2) de la <em>Loi sur les droits de la personne<\/em> duYukon, LRY 2002, ch. 116 qui stipule :<\/p>\n<ul>\n<li>Les renseignements personnels dont dispose la Commission ne peuvent \u00eatre divulgu\u00e9s ou utilis\u00e9s sans le consentement de la personne qu\u2019ils concernent, sauf\u00a0:\n<ul>\n<li>(a) dans une proc\u00e9dure entam\u00e9e en vertu de la pr\u00e9sente Loi ou pour toute autre fin pour laquelle la Commission a obtenu les renseignements, ou pour une fin compatible avec celle-ci;<\/li>\n<li>(b) en conformit\u00e9 avec une ordonnance ou les r\u00e8gles de proc\u00e9dure d\u2019un tribunal ou autre tribunal d\u2019arbitrage.<\/li>\n<\/ul>\n<\/li>\n<\/ul>\n<h2>Conditions d\u2019utilisation<\/h2>\n<p>Le site de la Commission contient des liens vers d\u2019autres sites Web et des sources d\u2019information destin\u00e9es aux organismes et aux particuliers d\u00e9sireux de se renseigner sur les droits de la personne. La Commission ne cautionne pas le contenu des sites Web accessibles par hyperlien et pourrait ne pas avoir de droit de regard sur leur contenu. La Commission ne fait aucune assertion, n\u2019offre aucune garantie et d\u00e9cline toute responsabilit\u00e9 juridique en ce qui concerne l\u2019exactitude, la fiabilit\u00e9 ou l\u2019int\u00e9gralit\u00e9 du contenu des sites accessibles par des hyperliens ins\u00e9r\u00e9s sur son site Web.<\/p>\n<h2>Contactez-nous<\/h2>\n<p>Si vous voulez nous faire part de pr\u00e9occupations li\u00e9es \u00e0 la vie priv\u00e9e ou sugg\u00e9rer des am\u00e9liorations \u00e0 ce site Web, veuillez <a href=\"http:\/\/yukonhumanrights.ca\/fr\/renseignements\/\">nous contacter<\/a>.[\/vc_column_text][\/vc_column_inner][\/vc_row_inner][\/vc_column][\/vc_row]<\/p>\n<\/div>","protected":false},"excerpt":{"rendered":"<p>[vc_row][vc_column width=\u00a0\u00bb1\/6&Prime;][\/vc_column][vc_column width=\u00a0\u00bb2\/3&Prime;][\/vc_column][vc_column width=\u00a0\u00bb1\/6&Prime;][\/vc_column][\/vc_row][vc_row full_width=\u00a0\u00bbstretch_row\u00a0\u00bb bg_type=\u00a0\u00bbimage\u00a0\u00bb parallax_style=\u00a0\u00bbvcpb-default\u00a0\u00bb bg_image_new=\u00a0\u00bbid^41|url^http:\/\/yukonhumanrights.ca\/wp-content\/uploads\/2020\/09\/blue-background.jpg|caption^null|alt^null|title^blue-background|description^null\u00a0\u00bb bg_image_repeat=\u00a0\u00bbno-repeat\u00a0\u00bb bg_img_attach=\u00a0\u00bbfixed\u00a0\u00bb el_class=\u00a0\u00bbcontent-wrapper\u00a0\u00bb][vc_column][vc_row_inner el_class=\u00a0\u00bbwhite-box white-box-top\u00a0\u00bb][vc_column_inner][vc_column_text css=\u00a0\u00bb.vc_custom_1611597097258{margin-top: 20px !important;}\u00a0\u00bb] Protection des renseignements personnels La Commission des droits de la personne du Yukon (la Commission) est d\u00e9termin\u00e9e \u00e0 respecter et \u00e0 prot\u00e9ger la vie priv\u00e9e des particuliers et des organismes qui acc\u00e8dent \u00e0 son site Web. La Commission ne&hellip;<\/p>\n","protected":false},"author":1,"featured_media":0,"parent":0,"menu_order":75,"comment_status":"closed","ping_status":"closed","template":"","meta":{"footnotes":""},"class_list":["post-732","page","type-page","status-publish","hentry","description-off"],"yoast_head":"<!-- This site is optimized with the Yoast SEO plugin v27.5 - https:\/\/yoast.com\/product\/yoast-seo-wordpress\/ -->\n<title>Politiques de confidentialit\u00e9 - Commission des droits de la personne du Yukon<\/title>\n<meta name=\"robots\" content=\"index, follow, max-snippet:-1, max-image-preview:large, max-video-preview:-1\" \/>\n<link rel=\"canonical\" href=\"https:\/\/yukonhumanrights.ca\/fr\/politiques-de-confidentialites\/\" \/>\n<meta property=\"og:locale\" content=\"fr_FR\" \/>\n<meta property=\"og:type\" content=\"article\" \/>\n<meta property=\"og:title\" content=\"Politiques de confidentialit\u00e9 - Commission des droits de la personne du Yukon\" \/>\n<meta property=\"og:description\" content=\"[vc_row][vc_column width=\u00a0\u00bb1\/6&Prime;][\/vc_column][vc_column width=\u00a0\u00bb2\/3&Prime;][\/vc_column][vc_column width=\u00a0\u00bb1\/6&Prime;][\/vc_column][\/vc_row][vc_row full_width=\u00a0\u00bbstretch_row\u00a0\u00bb bg_type=\u00a0\u00bbimage\u00a0\u00bb parallax_style=\u00a0\u00bbvcpb-default\u00a0\u00bb bg_image_new=\u00a0\u00bbid^41|url^http:\/\/yukonhumanrights.ca\/wp-content\/uploads\/2020\/09\/blue-background.jpg|caption^null|alt^null|title^blue-background|description^null\u00a0\u00bb bg_image_repeat=\u00a0\u00bbno-repeat\u00a0\u00bb bg_img_attach=\u00a0\u00bbfixed\u00a0\u00bb el_class=\u00a0\u00bbcontent-wrapper\u00a0\u00bb][vc_column][vc_row_inner el_class=\u00a0\u00bbwhite-box white-box-top\u00a0\u00bb][vc_column_inner][vc_column_text css=\u00a0\u00bb.vc_custom_1611597097258{margin-top: 20px !important;}\u00a0\u00bb] Protection des renseignements personnels La Commission des droits de la personne du Yukon (la Commission) est d\u00e9termin\u00e9e \u00e0 respecter et \u00e0 prot\u00e9ger la vie priv\u00e9e des particuliers et des organismes qui acc\u00e8dent \u00e0 son site Web. La Commission ne&hellip;\" \/>\n<meta property=\"og:url\" content=\"https:\/\/yukonhumanrights.ca\/fr\/politiques-de-confidentialites\/\" \/>\n<meta property=\"og:site_name\" content=\"Commission des droits de la personne du Yukon\" \/>\n<meta property=\"article:modified_time\" content=\"2021-01-25T17:51:48+00:00\" \/>\n<meta name=\"twitter:card\" content=\"summary_large_image\" \/>\n<meta name=\"twitter:label1\" content=\"Dur\u00e9e de lecture estim\u00e9e\" \/>\n\t<meta name=\"twitter:data1\" content=\"4 minutes\" \/>\n<script type=\"application\/ld+json\" class=\"yoast-schema-graph\">{\"@context\":\"https:\\\/\\\/schema.org\",\"@graph\":[{\"@type\":\"WebPage\",\"@id\":\"https:\\\/\\\/yukonhumanrights.ca\\\/fr\\\/politiques-de-confidentialites\\\/\",\"url\":\"https:\\\/\\\/yukonhumanrights.ca\\\/fr\\\/politiques-de-confidentialites\\\/\",\"name\":\"Politiques de confidentialit\u00e9 - Commission des droits de la personne du Yukon\",\"isPartOf\":{\"@id\":\"https:\\\/\\\/yukonhumanrights.ca\\\/fr\\\/#website\"},\"datePublished\":\"2020-10-07T22:45:44+00:00\",\"dateModified\":\"2021-01-25T17:51:48+00:00\",\"breadcrumb\":{\"@id\":\"https:\\\/\\\/yukonhumanrights.ca\\\/fr\\\/politiques-de-confidentialites\\\/#breadcrumb\"},\"inLanguage\":\"fr-FR\",\"potentialAction\":[{\"@type\":\"ReadAction\",\"target\":[\"https:\\\/\\\/yukonhumanrights.ca\\\/fr\\\/politiques-de-confidentialites\\\/\"]}]},{\"@type\":\"BreadcrumbList\",\"@id\":\"https:\\\/\\\/yukonhumanrights.ca\\\/fr\\\/politiques-de-confidentialites\\\/#breadcrumb\",\"itemListElement\":[{\"@type\":\"ListItem\",\"position\":1,\"name\":\"Home\",\"item\":\"https:\\\/\\\/yukonhumanrights.ca\\\/fr\\\/\"},{\"@type\":\"ListItem\",\"position\":2,\"name\":\"Politiques de confidentialit\u00e9\"}]},{\"@type\":\"WebSite\",\"@id\":\"https:\\\/\\\/yukonhumanrights.ca\\\/fr\\\/#website\",\"url\":\"https:\\\/\\\/yukonhumanrights.ca\\\/fr\\\/\",\"name\":\"Commission des droits de la personne du Yukon\",\"description\":\"\",\"potentialAction\":[{\"@type\":\"SearchAction\",\"target\":{\"@type\":\"EntryPoint\",\"urlTemplate\":\"https:\\\/\\\/yukonhumanrights.ca\\\/fr\\\/?s={search_term_string}\"},\"query-input\":{\"@type\":\"PropertyValueSpecification\",\"valueRequired\":true,\"valueName\":\"search_term_string\"}}],\"inLanguage\":\"fr-FR\"}]}<\/script>\n<!-- \/ Yoast SEO plugin. -->","yoast_head_json":{"title":"Politiques de confidentialit\u00e9 - Commission des droits de la personne du Yukon","robots":{"index":"index","follow":"follow","max-snippet":"max-snippet:-1","max-image-preview":"max-image-preview:large","max-video-preview":"max-video-preview:-1"},"canonical":"https:\/\/yukonhumanrights.ca\/fr\/politiques-de-confidentialites\/","og_locale":"fr_FR","og_type":"article","og_title":"Politiques de confidentialit\u00e9 - Commission des droits de la personne du Yukon","og_description":"[vc_row][vc_column width=\u00a0\u00bb1\/6&Prime;][\/vc_column][vc_column width=\u00a0\u00bb2\/3&Prime;][\/vc_column][vc_column width=\u00a0\u00bb1\/6&Prime;][\/vc_column][\/vc_row][vc_row full_width=\u00a0\u00bbstretch_row\u00a0\u00bb bg_type=\u00a0\u00bbimage\u00a0\u00bb parallax_style=\u00a0\u00bbvcpb-default\u00a0\u00bb bg_image_new=\u00a0\u00bbid^41|url^http:\/\/yukonhumanrights.ca\/wp-content\/uploads\/2020\/09\/blue-background.jpg|caption^null|alt^null|title^blue-background|description^null\u00a0\u00bb bg_image_repeat=\u00a0\u00bbno-repeat\u00a0\u00bb bg_img_attach=\u00a0\u00bbfixed\u00a0\u00bb el_class=\u00a0\u00bbcontent-wrapper\u00a0\u00bb][vc_column][vc_row_inner el_class=\u00a0\u00bbwhite-box white-box-top\u00a0\u00bb][vc_column_inner][vc_column_text css=\u00a0\u00bb.vc_custom_1611597097258{margin-top: 20px !important;}\u00a0\u00bb] Protection des renseignements personnels La Commission des droits de la personne du Yukon (la Commission) est d\u00e9termin\u00e9e \u00e0 respecter et \u00e0 prot\u00e9ger la vie priv\u00e9e des particuliers et des organismes qui acc\u00e8dent \u00e0 son site Web. La Commission ne&hellip;","og_url":"https:\/\/yukonhumanrights.ca\/fr\/politiques-de-confidentialites\/","og_site_name":"Commission des droits de la personne du Yukon","article_modified_time":"2021-01-25T17:51:48+00:00","twitter_card":"summary_large_image","twitter_misc":{"Dur\u00e9e de lecture estim\u00e9e":"4 minutes"},"schema":{"@context":"https:\/\/schema.org","@graph":[{"@type":"WebPage","@id":"https:\/\/yukonhumanrights.ca\/fr\/politiques-de-confidentialites\/","url":"https:\/\/yukonhumanrights.ca\/fr\/politiques-de-confidentialites\/","name":"Politiques de confidentialit\u00e9 - Commission des droits de la personne du Yukon","isPartOf":{"@id":"https:\/\/yukonhumanrights.ca\/fr\/#website"},"datePublished":"2020-10-07T22:45:44+00:00","dateModified":"2021-01-25T17:51:48+00:00","breadcrumb":{"@id":"https:\/\/yukonhumanrights.ca\/fr\/politiques-de-confidentialites\/#breadcrumb"},"inLanguage":"fr-FR","potentialAction":[{"@type":"ReadAction","target":["https:\/\/yukonhumanrights.ca\/fr\/politiques-de-confidentialites\/"]}]},{"@type":"BreadcrumbList","@id":"https:\/\/yukonhumanrights.ca\/fr\/politiques-de-confidentialites\/#breadcrumb","itemListElement":[{"@type":"ListItem","position":1,"name":"Home","item":"https:\/\/yukonhumanrights.ca\/fr\/"},{"@type":"ListItem","position":2,"name":"Politiques de confidentialit\u00e9"}]},{"@type":"WebSite","@id":"https:\/\/yukonhumanrights.ca\/fr\/#website","url":"https:\/\/yukonhumanrights.ca\/fr\/","name":"Commission des droits de la personne du Yukon","description":"","potentialAction":[{"@type":"SearchAction","target":{"@type":"EntryPoint","urlTemplate":"https:\/\/yukonhumanrights.ca\/fr\/?s={search_term_string}"},"query-input":{"@type":"PropertyValueSpecification","valueRequired":true,"valueName":"search_term_string"}}],"inLanguage":"fr-FR"}]}},"_links":{"self":[{"href":"https:\/\/yukonhumanrights.ca\/fr\/wp-json\/wp\/v2\/pages\/732","targetHints":{"allow":["GET"]}}],"collection":[{"href":"https:\/\/yukonhumanrights.ca\/fr\/wp-json\/wp\/v2\/pages"}],"about":[{"href":"https:\/\/yukonhumanrights.ca\/fr\/wp-json\/wp\/v2\/types\/page"}],"author":[{"embeddable":true,"href":"https:\/\/yukonhumanrights.ca\/fr\/wp-json\/wp\/v2\/users\/1"}],"replies":[{"embeddable":true,"href":"https:\/\/yukonhumanrights.ca\/fr\/wp-json\/wp\/v2\/comments?post=732"}],"version-history":[{"count":8,"href":"https:\/\/yukonhumanrights.ca\/fr\/wp-json\/wp\/v2\/pages\/732\/revisions"}],"predecessor-version":[{"id":1284,"href":"https:\/\/yukonhumanrights.ca\/fr\/wp-json\/wp\/v2\/pages\/732\/revisions\/1284"}],"wp:attachment":[{"href":"https:\/\/yukonhumanrights.ca\/fr\/wp-json\/wp\/v2\/media?parent=732"}],"curies":[{"name":"wp","href":"https:\/\/api.w.org\/{rel}","templated":true}]}}