{"id":715,"date":"2020-10-05T13:10:14","date_gmt":"2020-10-05T20:10:14","guid":{"rendered":"http:\/\/yukonhumanrights.ca\/staff-students\/"},"modified":"2022-03-21T15:06:16","modified_gmt":"2022-03-21T22:06:16","slug":"personnel-etudiants","status":"publish","type":"page","link":"https:\/\/yukonhumanrights.ca\/fr\/personnel-etudiants\/","title":{"rendered":"Personnel &#038; \u00e9tudiants"},"content":{"rendered":"<div class=\"wpb-content-wrapper\"><p>[vc_row][vc_column width=\u00a0\u00bb1\/6&Prime;][\/vc_column][vc_column width=\u00a0\u00bb2\/3&Prime;]<div id=\"ultimate-heading-124369e9d7574629c\" class=\"uvc-heading ult-adjust-bottom-margin ultimate-heading-124369e9d7574629c uvc-9947 title uvc-heading-default-font-sizes\" data-hspacer=\"no_spacer\"  data-halign=\"center\" style=\"text-align:center\"><div class=\"uvc-heading-spacer no_spacer\" style=\"top\"><\/div><div class=\"uvc-main-heading ult-responsive\"  data-ultimate-target='.uvc-heading.ultimate-heading-124369e9d7574629c h1'  data-responsive-json-new='{\"font-size\":\"\",\"line-height\":\"\"}' ><h1 style=\"--font-weight:theme;\">Personnel &amp; \u00e9tudiants<\/h1><\/div><div class=\"uvc-sub-heading ult-responsive\"  data-ultimate-target='.uvc-heading.ultimate-heading-124369e9d7574629c .uvc-sub-heading '  data-responsive-json-new='{\"font-size\":\"\",\"line-height\":\"\"}'  style=\"font-weight:normal;\"><\/p>\n<div class=\"uvc-sub-heading ult-responsive\" data-ultimate-target=\".uvc-heading.ultimate-heading-47205f6255f04bf31 .uvc-sub-heading \" data-responsive-json-new=\"{&quot;font-size&quot;:&quot;&quot;,&quot;line-height&quot;:&quot;&quot;}\">Le personnel de la Commission des droits de la personne du Yukon est charg\u00e9 des activit\u00e9s quotidiennes de la Commission.<\/div>\n<p><\/div><\/div>[\/vc_column][vc_column width=\u00a0\u00bb1\/6&Prime;][\/vc_column][\/vc_row][vc_row full_width=\u00a0\u00bbstretch_row\u00a0\u00bb bg_type=\u00a0\u00bbimage\u00a0\u00bb parallax_style=\u00a0\u00bbvcpb-default\u00a0\u00bb bg_image_new=\u00a0\u00bbid^41|url^http:\/\/yukonhumanrights.ca\/wp-content\/uploads\/2020\/09\/blue-background.jpg|caption^null|alt^null|title^blue-background|description^null\u00a0\u00bb bg_image_repeat=\u00a0\u00bbno-repeat\u00a0\u00bb bg_img_attach=\u00a0\u00bbfixed\u00a0\u00bb el_class=\u00a0\u00bbcontent-wrapper\u00a0\u00bb][vc_column][vc_row_inner el_class=\u00a0\u00bbwhite-box white-box-top\u00a0\u00bb][vc_column_inner][vc_column_text]<\/p>\n<h2>Directeur des droits de la personne<\/h2>\n<p>Le directeur des droits de la personne rend compte \u00e0 la Commission de l\u2019application de la <em>Loi sur les droits de la personne<\/em> du Yukon et de son r\u00f4le de veiller \u00e0 ce que les plaintes soient trait\u00e9es en conformit\u00e9 avec la <em>Loi<\/em>.<\/p>\n<h3>Birju Dattani- Directeur<\/h3>\n<p>Originaire de Calgary (Alberta), M.\u00a0Dattani poss\u00e8de une solide formation universitaire et une vaste exp\u00e9rience pratique dans le domaine des droits de la personne. Il est titulaire d\u2019un baccalaur\u00e9at en droit (avec mention) de l\u2019Universit\u00e9 du Pays de Galles \u00e0 Aberstwyth, d\u2019un dipl\u00f4me d\u2019\u00e9tudes sup\u00e9rieures en comp\u00e9tences juridiques professionnelles de la City University de Londres et d\u2019une ma\u00eetrise en droit international public de la London School of Economics and Political Science. Il a \u00e9galement \u00e9tudi\u00e9 \u00e0 la Honourable Society of Gray\u2019s Inn, \u00e0 l\u2019Universit\u00e9 de Cambridge et \u00e0 la School of Oriental and African Studies.<\/p>\n<p>Au cours de son parcours professionnel, M. Dattani a \u00e9t\u00e9 le directeur r\u00e9gional adjoint de la Commission albertaine des droits de la personne et il a \u00e9t\u00e9 charg\u00e9 de cours \u00e0 la facult\u00e9 de droit de la School of Oriental and African Studies de l\u2019Universit\u00e9 de Londres. Tout au long de sa vie, ce fils de r\u00e9fugi\u00e9s ougandais s\u2019est donn\u00e9 pour mission de faire progresser la cause des droits de la personne. C\u2019est donc avec plaisir qu\u2019il appuie la Commission des droits de la personne du Yukon dans cette d\u00e9marche.<\/p>\n<h2>Conseiller juridique<\/h2>\n<p>Le conseiller juridique examine les demandes et les plaintes, donne des avis juridiques, offre une formation continue aux membres et au personnel de la Commission, et repr\u00e9sente la Commission devant le Conseil d\u2019arbitrage des droits de la personne du Yukon, le cas \u00e9ch\u00e9ant. Il facilite les \u00e9changes pour trouver un terrain d\u2019entente entre les plaignants et les intim\u00e9s, et collabore \u00e0 des projets particuliers, notamment des projets de sensibilisation du public et des projets de recherche.<\/p>\n<h3>Vida Nelson \u2013 Conseill\u00e8re juridique<\/h3>\n<p>Vida Nelson est devenue la conseill\u00e8re juridique de la Commission en mai 2018. Elle a travaill\u00e9 pour un cabinet d\u2019avocats local sp\u00e9cialis\u00e9 dans les domaines des l\u00e9sions corporelles, du droit de la famille et du contentieux civil. Elle est n\u00e9e et a grandi au Yukon, et est titulaire d\u2019un doctorat en jurisprudence de l\u2019Universit\u00e9 du Manitoba, ainsi que d\u2019un baccalaur\u00e9at \u00e8s sciences de l\u2019Universit\u00e9 Simon Fraser. Elle se passionne pour la promotion de la diversit\u00e9, l\u2019acc\u00e8s \u00e0 la justice et les nouveaux m\u00e9canismes de r\u00e8glement des conflits.<\/p>\n<h2>Agent d&rsquo;<span class=\"Y2IQFc\" lang=\"fr\">op\u00e9rations<\/span><\/h2>\n<p>Le r\u00f4le d&rsquo;agent d&rsquo;op\u00e9rations est d\u2019aider le directeur et la conseill\u00e8re juridique dans le traitement des plaintes en mati\u00e8re de droits de la personne. Bien souvent, la personne qui occupe ce poste est aussi le premier point de contact des membres du public qui s\u2019adressent \u00e0 la Commission. Elle fournit du soutien administratif au personnel, travaille sur des projets sp\u00e9ciaux (comme A Yukon Without Sexual Harassment) et participe \u00e0 la r\u00e9daction de mat\u00e9riel didactique.<\/p>\n<h2>Agents des droits de la personne<\/h2>\n<p>Les agents des droits de la personne sont charg\u00e9s de faire enqu\u00eate sur les plaintes admises par la Commission des droits de la personne du Yukon. Ils peuvent aussi donner des renseignements juridiques au public et participer \u00e0 des ateliers ou des activit\u00e9s de formation.<\/p>\n<h2>Coordonnateur &#8211; Promotion des droits de la personne<\/h2>\n<p>Le coordonnateur &#8211; promotion des droits de la personne est responsable du d\u00e9veloppement et de la r\u00e9alisation des projets de promotion et de recherche des droits de la Commission, ainsi que des programmes \u00e9ducatifs, y compris l&rsquo;\u00e9ducation et le d\u00e9veloppement des comp\u00e9tences du public, des avocats, des professionnels, des jeunes et des parties prenantes. Le coordonnateur &#8211; promotion des droits de la personne est responsable de travailler avec d&rsquo;autres partenaires communautaires pour atteindre les objectifs et le mandat de la Commission tels qu&rsquo;\u00e9nonc\u00e9s dans la Loi sur les droits de la personne du Yukon, avec les fonctions sp\u00e9cifiques de fournir une \u00e9ducation, une formation et des ressources continues aux plaignants, aux intim\u00e9s, aux professionnels travaillant dans le domaine du droit relatif aux droits de l&rsquo;homme et les membres du public cherchant des informations aupr\u00e8s de la Commission.<\/p>\n<h2>Agent de la promotion des droits de la personne<\/h2>\n<p>L\u2019ajent de la promotion des droits de la personne est charg\u00e9 d\u2019assister le coordonnateur &#8211; promotion des droits de la personne dans l\u2019\u00e9laboration et la mise en \u0153uvre de projets de promotion et de recherche, ainsi que dans l\u2019\u00e9tablissement de programmes de sensibilisation. Il contribue \u00e0 promouvoir le r\u00f4le de sensibilisation du public et de recherche de la Commission des droits de la personne du Yukon.<\/p>\n<h2>Stagiaires et partenaires<\/h2>\n<h3>Stagiaires en droits de la personne<\/h3>\n<p>La Commission offre r\u00e9guli\u00e8rement des emplois de stagiaires r\u00e9mun\u00e9r\u00e9s dans le domaine des droits de la personne aux \u00e9tudiants et aux nouveaux dipl\u00f4m\u00e9s. En g\u00e9n\u00e9ral, les stagiaires sont des \u00e9tudiants en droit ou de nouveaux dipl\u00f4m\u00e9s d\u2019une facult\u00e9 de droit, mais la Commission s\u2019est aussi associ\u00e9e \u00e0 d\u2019autres organisations comme des universit\u00e9s et des organisations non gouvernementales pour offrir des emplois \u00e0 des \u00e9tudiants et des dipl\u00f4m\u00e9s dans d\u2019autres disciplines. Par exemple, en 2015-2016, la Commission s\u2019est associ\u00e9e \u00e0 Journalists for Human Rights pour offrir deux postes de stagiaires \u00e0 des journalistes autochtones d\u00e9butants.<\/p>\n<p>Les postes de stagiaires en droits de la personne sont r\u00e9guli\u00e8rement affich\u00e9s sur notre site Web. Contactez-nous \u00e0 <a href=\"mailto:careers@yukonhumanrights.ca\">careers@yukonhumanrights.ca<\/a> pour obtenir plus d\u2019information sur les emplois pour \u00e9tudiants.<\/p>\n<h3>R\u00e9seau national d\u2019\u00e9tudiants pro bono<\/h3>\n<p>Premier organisme pro bono au Canada, le R\u00e9seau national d\u2019\u00e9tudiants pro bono (PBSC) est un programme respect\u00e9 \u00e0 l\u2019\u00e9chelle nationale qui b\u00e9n\u00e9ficie du soutien du Barreau, de la magistrature et des facult\u00e9s de droit. PBSC a vu le jour \u00e0 l\u2019Universit\u00e9 de Toronto en 1996 et est \u00e0 l\u2019\u0153uvre dans 22\u00a0facult\u00e9s de droit au Canada. Chaque ann\u00e9e, PBSC met \u00e0 contribution le talent et le dynamisme de plus de 1500\u00a0\u00e9tudiants en droit d\u2019un bout \u00e0 l\u2019autre du pays pour fournir des services juridiques gratuits aux citoyens et citoyennes \u00e0 faible revenu et aux organismes \u00e0 but non lucratif.<\/p>\n<p>Nous tenons \u00e0 remercier l\u2019extraordinaire \u00e9quipe d\u2019\u00e9tudiants de 2019-2020 de l\u2019Universit\u00e9 d\u2019Ottawa, de l\u2019Universit\u00e9 de Victoria, de l\u2019Universit\u00e9 de Colombie-Britannique et de l\u2019Universit\u00e9 McGill. Pour savoir comment b\u00e9n\u00e9ficier de ce programme, veuillez contacter la section r\u00e9gionale du R\u00e9seau national d\u2019\u00e9tudiants pro bono dans n\u2019importe quelle facult\u00e9 de droit au Canada.<\/p>\n<p><a href=\"https:\/\/www.probonostudents.ca\/\" target=\"_blank\" rel=\"noopener noreferrer\">https:\/\/www.probonostudents.ca\/<\/a><\/p>\n<h3>Stages en droits de la personne de l\u2019Universit\u00e9 McGill<\/h3>\n<p>La Commission accueille chaque \u00e9t\u00e9 un ou deux \u00e9tudiants du Centre pour les droits de la personne et le pluralisme juridique de l\u2019Universit\u00e9 McGill.<\/p>\n<p>Le programme de stages en droits de la personne est un cours de 6 cr\u00e9dits qui s&rsquo;adresse aux \u00e9tudiants et \u00e9tudiantes inscrit(e)s au BCL\/LLB. Le programme place une vingtaine de stagiaires aupr\u00e8s d&rsquo;ONG, de cours, et d&rsquo;organisations publiques pour une p\u00e9riode de 12 semaines durant l&rsquo;\u00e9t\u00e9. Les organismes partenaires donnent aux \u00e9tudiants une exp\u00e9rience de travail en mati\u00e8re d\u2019enqu\u00eate, de suivi et de production de rapports dans le domaine des droits de la personne. Les stagiaires se familiarisent \u00e9galement avec le fonctionnement et la mise en \u0153uvre des normes et des instruments relatifs aux droits de la personne.<\/p>\n<p>Pour en savoir plus sur la fa\u00e7on de participer au programme, contactez le Centre pour les droits de la personne et le pluralisme juridique de l\u2019Universit\u00e9 McGill, \u00e0 <a href=\"mailto:human.rights@mcgill.ca\">human.rights@mcgill.ca<\/a>.<\/p>\n<p><a href=\"https:\/\/www.mcgill.ca\/humanrights\/\" target=\"_blank\" rel=\"noopener noreferrer\">https:\/\/www.mcgill.ca\/humanrights\/<\/a>[\/vc_column_text][\/vc_column_inner][\/vc_row_inner][\/vc_column][\/vc_row]<\/p>\n<\/div>","protected":false},"excerpt":{"rendered":"<p>[vc_row][vc_column width=\u00a0\u00bb1\/6&Prime;][\/vc_column][vc_column width=\u00a0\u00bb2\/3&Prime;][\/vc_column][vc_column width=\u00a0\u00bb1\/6&Prime;][\/vc_column][\/vc_row][vc_row full_width=\u00a0\u00bbstretch_row\u00a0\u00bb bg_type=\u00a0\u00bbimage\u00a0\u00bb parallax_style=\u00a0\u00bbvcpb-default\u00a0\u00bb bg_image_new=\u00a0\u00bbid^41|url^http:\/\/yukonhumanrights.ca\/wp-content\/uploads\/2020\/09\/blue-background.jpg|caption^null|alt^null|title^blue-background|description^null\u00a0\u00bb bg_image_repeat=\u00a0\u00bbno-repeat\u00a0\u00bb bg_img_attach=\u00a0\u00bbfixed\u00a0\u00bb el_class=\u00a0\u00bbcontent-wrapper\u00a0\u00bb][vc_column][vc_row_inner el_class=\u00a0\u00bbwhite-box white-box-top\u00a0\u00bb][vc_column_inner][vc_column_text] Directeur des droits de la personne Le directeur des droits de la personne rend compte \u00e0 la Commission de l\u2019application de la Loi sur les droits de la personne du Yukon et de son r\u00f4le de veiller \u00e0 ce que les plaintes&hellip;<\/p>\n","protected":false},"author":1,"featured_media":0,"parent":0,"menu_order":63,"comment_status":"closed","ping_status":"closed","template":"","meta":{"footnotes":""},"class_list":["post-715","page","type-page","status-publish","hentry","description-off"],"yoast_head":"<!-- This site is optimized with the Yoast SEO plugin v27.4 - https:\/\/yoast.com\/product\/yoast-seo-wordpress\/ -->\n<title>Personnel &amp; \u00e9tudiants - Commission des droits de la personne du Yukon<\/title>\n<meta name=\"robots\" content=\"index, follow, max-snippet:-1, max-image-preview:large, max-video-preview:-1\" \/>\n<link rel=\"canonical\" href=\"https:\/\/yukonhumanrights.ca\/fr\/personnel-etudiants\/\" \/>\n<meta property=\"og:locale\" content=\"fr_FR\" \/>\n<meta property=\"og:type\" content=\"article\" \/>\n<meta property=\"og:title\" content=\"Personnel &amp; \u00e9tudiants - Commission des droits de la personne du Yukon\" \/>\n<meta property=\"og:description\" content=\"[vc_row][vc_column width=\u00a0\u00bb1\/6&Prime;][\/vc_column][vc_column width=\u00a0\u00bb2\/3&Prime;][\/vc_column][vc_column width=\u00a0\u00bb1\/6&Prime;][\/vc_column][\/vc_row][vc_row full_width=\u00a0\u00bbstretch_row\u00a0\u00bb bg_type=\u00a0\u00bbimage\u00a0\u00bb parallax_style=\u00a0\u00bbvcpb-default\u00a0\u00bb bg_image_new=\u00a0\u00bbid^41|url^http:\/\/yukonhumanrights.ca\/wp-content\/uploads\/2020\/09\/blue-background.jpg|caption^null|alt^null|title^blue-background|description^null\u00a0\u00bb bg_image_repeat=\u00a0\u00bbno-repeat\u00a0\u00bb bg_img_attach=\u00a0\u00bbfixed\u00a0\u00bb el_class=\u00a0\u00bbcontent-wrapper\u00a0\u00bb][vc_column][vc_row_inner el_class=\u00a0\u00bbwhite-box white-box-top\u00a0\u00bb][vc_column_inner][vc_column_text] Directeur des droits de la personne Le directeur des droits de la personne rend compte \u00e0 la Commission de l\u2019application de la Loi sur les droits de la personne du Yukon et de son r\u00f4le de veiller \u00e0 ce que les plaintes&hellip;\" \/>\n<meta property=\"og:url\" content=\"https:\/\/yukonhumanrights.ca\/fr\/personnel-etudiants\/\" \/>\n<meta property=\"og:site_name\" content=\"Commission des droits de la personne du Yukon\" \/>\n<meta property=\"article:modified_time\" content=\"2022-03-21T22:06:16+00:00\" \/>\n<meta name=\"twitter:card\" content=\"summary_large_image\" \/>\n<meta name=\"twitter:label1\" content=\"Dur\u00e9e de lecture estim\u00e9e\" \/>\n\t<meta name=\"twitter:data1\" content=\"6 minutes\" \/>\n<script type=\"application\/ld+json\" class=\"yoast-schema-graph\">{\"@context\":\"https:\\\/\\\/schema.org\",\"@graph\":[{\"@type\":\"WebPage\",\"@id\":\"https:\\\/\\\/yukonhumanrights.ca\\\/fr\\\/personnel-etudiants\\\/\",\"url\":\"https:\\\/\\\/yukonhumanrights.ca\\\/fr\\\/personnel-etudiants\\\/\",\"name\":\"Personnel & \u00e9tudiants - Commission des droits de la personne du Yukon\",\"isPartOf\":{\"@id\":\"https:\\\/\\\/yukonhumanrights.ca\\\/fr\\\/#website\"},\"datePublished\":\"2020-10-05T20:10:14+00:00\",\"dateModified\":\"2022-03-21T22:06:16+00:00\",\"breadcrumb\":{\"@id\":\"https:\\\/\\\/yukonhumanrights.ca\\\/fr\\\/personnel-etudiants\\\/#breadcrumb\"},\"inLanguage\":\"fr-FR\",\"potentialAction\":[{\"@type\":\"ReadAction\",\"target\":[\"https:\\\/\\\/yukonhumanrights.ca\\\/fr\\\/personnel-etudiants\\\/\"]}]},{\"@type\":\"BreadcrumbList\",\"@id\":\"https:\\\/\\\/yukonhumanrights.ca\\\/fr\\\/personnel-etudiants\\\/#breadcrumb\",\"itemListElement\":[{\"@type\":\"ListItem\",\"position\":1,\"name\":\"Home\",\"item\":\"https:\\\/\\\/yukonhumanrights.ca\\\/fr\\\/\"},{\"@type\":\"ListItem\",\"position\":2,\"name\":\"Personnel &#038; \u00e9tudiants\"}]},{\"@type\":\"WebSite\",\"@id\":\"https:\\\/\\\/yukonhumanrights.ca\\\/fr\\\/#website\",\"url\":\"https:\\\/\\\/yukonhumanrights.ca\\\/fr\\\/\",\"name\":\"Commission des droits de la personne du Yukon\",\"description\":\"\",\"potentialAction\":[{\"@type\":\"SearchAction\",\"target\":{\"@type\":\"EntryPoint\",\"urlTemplate\":\"https:\\\/\\\/yukonhumanrights.ca\\\/fr\\\/?s={search_term_string}\"},\"query-input\":{\"@type\":\"PropertyValueSpecification\",\"valueRequired\":true,\"valueName\":\"search_term_string\"}}],\"inLanguage\":\"fr-FR\"}]}<\/script>\n<!-- \/ Yoast SEO plugin. -->","yoast_head_json":{"title":"Personnel & \u00e9tudiants - Commission des droits de la personne du Yukon","robots":{"index":"index","follow":"follow","max-snippet":"max-snippet:-1","max-image-preview":"max-image-preview:large","max-video-preview":"max-video-preview:-1"},"canonical":"https:\/\/yukonhumanrights.ca\/fr\/personnel-etudiants\/","og_locale":"fr_FR","og_type":"article","og_title":"Personnel & \u00e9tudiants - Commission des droits de la personne du Yukon","og_description":"[vc_row][vc_column width=\u00a0\u00bb1\/6&Prime;][\/vc_column][vc_column width=\u00a0\u00bb2\/3&Prime;][\/vc_column][vc_column width=\u00a0\u00bb1\/6&Prime;][\/vc_column][\/vc_row][vc_row full_width=\u00a0\u00bbstretch_row\u00a0\u00bb bg_type=\u00a0\u00bbimage\u00a0\u00bb parallax_style=\u00a0\u00bbvcpb-default\u00a0\u00bb bg_image_new=\u00a0\u00bbid^41|url^http:\/\/yukonhumanrights.ca\/wp-content\/uploads\/2020\/09\/blue-background.jpg|caption^null|alt^null|title^blue-background|description^null\u00a0\u00bb bg_image_repeat=\u00a0\u00bbno-repeat\u00a0\u00bb bg_img_attach=\u00a0\u00bbfixed\u00a0\u00bb el_class=\u00a0\u00bbcontent-wrapper\u00a0\u00bb][vc_column][vc_row_inner el_class=\u00a0\u00bbwhite-box white-box-top\u00a0\u00bb][vc_column_inner][vc_column_text] Directeur des droits de la personne Le directeur des droits de la personne rend compte \u00e0 la Commission de l\u2019application de la Loi sur les droits de la personne du Yukon et de son r\u00f4le de veiller \u00e0 ce que les plaintes&hellip;","og_url":"https:\/\/yukonhumanrights.ca\/fr\/personnel-etudiants\/","og_site_name":"Commission des droits de la personne du Yukon","article_modified_time":"2022-03-21T22:06:16+00:00","twitter_card":"summary_large_image","twitter_misc":{"Dur\u00e9e de lecture estim\u00e9e":"6 minutes"},"schema":{"@context":"https:\/\/schema.org","@graph":[{"@type":"WebPage","@id":"https:\/\/yukonhumanrights.ca\/fr\/personnel-etudiants\/","url":"https:\/\/yukonhumanrights.ca\/fr\/personnel-etudiants\/","name":"Personnel & \u00e9tudiants - Commission des droits de la personne du Yukon","isPartOf":{"@id":"https:\/\/yukonhumanrights.ca\/fr\/#website"},"datePublished":"2020-10-05T20:10:14+00:00","dateModified":"2022-03-21T22:06:16+00:00","breadcrumb":{"@id":"https:\/\/yukonhumanrights.ca\/fr\/personnel-etudiants\/#breadcrumb"},"inLanguage":"fr-FR","potentialAction":[{"@type":"ReadAction","target":["https:\/\/yukonhumanrights.ca\/fr\/personnel-etudiants\/"]}]},{"@type":"BreadcrumbList","@id":"https:\/\/yukonhumanrights.ca\/fr\/personnel-etudiants\/#breadcrumb","itemListElement":[{"@type":"ListItem","position":1,"name":"Home","item":"https:\/\/yukonhumanrights.ca\/fr\/"},{"@type":"ListItem","position":2,"name":"Personnel &#038; \u00e9tudiants"}]},{"@type":"WebSite","@id":"https:\/\/yukonhumanrights.ca\/fr\/#website","url":"https:\/\/yukonhumanrights.ca\/fr\/","name":"Commission des droits de la personne du Yukon","description":"","potentialAction":[{"@type":"SearchAction","target":{"@type":"EntryPoint","urlTemplate":"https:\/\/yukonhumanrights.ca\/fr\/?s={search_term_string}"},"query-input":{"@type":"PropertyValueSpecification","valueRequired":true,"valueName":"search_term_string"}}],"inLanguage":"fr-FR"}]}},"_links":{"self":[{"href":"https:\/\/yukonhumanrights.ca\/fr\/wp-json\/wp\/v2\/pages\/715","targetHints":{"allow":["GET"]}}],"collection":[{"href":"https:\/\/yukonhumanrights.ca\/fr\/wp-json\/wp\/v2\/pages"}],"about":[{"href":"https:\/\/yukonhumanrights.ca\/fr\/wp-json\/wp\/v2\/types\/page"}],"author":[{"embeddable":true,"href":"https:\/\/yukonhumanrights.ca\/fr\/wp-json\/wp\/v2\/users\/1"}],"replies":[{"embeddable":true,"href":"https:\/\/yukonhumanrights.ca\/fr\/wp-json\/wp\/v2\/comments?post=715"}],"version-history":[{"count":8,"href":"https:\/\/yukonhumanrights.ca\/fr\/wp-json\/wp\/v2\/pages\/715\/revisions"}],"predecessor-version":[{"id":2758,"href":"https:\/\/yukonhumanrights.ca\/fr\/wp-json\/wp\/v2\/pages\/715\/revisions\/2758"}],"wp:attachment":[{"href":"https:\/\/yukonhumanrights.ca\/fr\/wp-json\/wp\/v2\/media?parent=715"}],"curies":[{"name":"wp","href":"https:\/\/api.w.org\/{rel}","templated":true}]}}