{"id":710,"date":"2020-10-05T13:06:41","date_gmt":"2020-10-05T20:06:41","guid":{"rendered":"http:\/\/yukonhumanrights.ca\/commission-members\/"},"modified":"2022-03-21T15:08:44","modified_gmt":"2022-03-21T22:08:44","slug":"membres-de-la-commission","status":"publish","type":"page","link":"https:\/\/yukonhumanrights.ca\/fr\/membres-de-la-commission\/","title":{"rendered":"Membres de la Commission"},"content":{"rendered":"<div class=\"wpb-content-wrapper\"><p>[vc_row][vc_column width=\u00a0\u00bb1\/6&Prime;][\/vc_column][vc_column width=\u00a0\u00bb2\/3&Prime;]<div id=\"ultimate-heading-99869faa5b37e4af\" class=\"uvc-heading ult-adjust-bottom-margin ultimate-heading-99869faa5b37e4af uvc-4988 title uvc-heading-default-font-sizes\" data-hspacer=\"no_spacer\"  data-halign=\"center\" style=\"text-align:center\"><div class=\"uvc-heading-spacer no_spacer\" style=\"top\"><\/div><div class=\"uvc-main-heading ult-responsive\"  data-ultimate-target='.uvc-heading.ultimate-heading-99869faa5b37e4af h1'  data-responsive-json-new='{\"font-size\":\"\",\"line-height\":\"\"}' ><h1 style=\"--font-weight:theme;\">Membres de la Commission<\/h1><\/div><div class=\"uvc-sub-heading ult-responsive\"  data-ultimate-target='.uvc-heading.ultimate-heading-99869faa5b37e4af .uvc-sub-heading '  data-responsive-json-new='{\"font-size\":\"\",\"line-height\":\"\"}'  style=\"font-weight:normal;\"><\/p>\n<div class=\"uvc-sub-heading ult-responsive\" data-ultimate-target=\".uvc-heading.ultimate-heading-47205f6255f04bf31 .uvc-sub-heading \" data-responsive-json-new=\"{&quot;font-size&quot;:&quot;&quot;,&quot;line-height&quot;:&quot;&quot;}\">Les membres de la Commission sont nomm\u00e9s par l\u2019Assembl\u00e9e l\u00e9gislative du Yukon. En plus de tenir des r\u00e9unions extraordinaires au besoin, ils se r\u00e9unissent r\u00e9guli\u00e8rement pour traiter des affaires de la Commission, r\u00e9unions au cours desquelles ils d\u00e9cident si les plaintes doivent \u00eatre rejet\u00e9es ou si le processus de traitement doit suivre son cours.<\/div>\n<p><\/div><\/div>[\/vc_column][vc_column width=\u00a0\u00bb1\/6&Prime;][\/vc_column][\/vc_row][vc_row full_width=\u00a0\u00bbstretch_row\u00a0\u00bb bg_type=\u00a0\u00bbimage\u00a0\u00bb parallax_style=\u00a0\u00bbvcpb-default\u00a0\u00bb bg_image_new=\u00a0\u00bbid^41|url^http:\/\/yukonhumanrights.ca\/wp-content\/uploads\/2020\/09\/blue-background.jpg|caption^null|alt^null|title^blue-background|description^null\u00a0\u00bb bg_image_repeat=\u00a0\u00bbno-repeat\u00a0\u00bb bg_img_attach=\u00a0\u00bbfixed\u00a0\u00bb el_class=\u00a0\u00bbcontent-wrapper\u00a0\u00bb][vc_column][vc_row_inner el_class=\u00a0\u00bbwhite-box white-box-top\u00a0\u00bb][vc_column_inner][vc_column_text]<\/p>\n<h2>Michael Dougherty, pr\u00e9sident<\/h2>\n<p>Michael Dougherty a \u00e9t\u00e9 nomm\u00e9 en d\u00e9cembre 2018. Il a rempli six mandats dans le Comit\u00e9 d\u2019arbitrage de la Commission des droits de la personne du Yukon. Il est membre du Conseil de la magistrature du Conseil des Ta\u2019an Kwach\u2019an depuis 2004. Les \u00e9tudes sup\u00e9rieures en sciences politiques et en urbanisme qu\u2019il a suivies \u00e0 l\u2019Universit\u00e9 McGill lui ont fourni la formation universitaire n\u00e9cessaire \u00e0 sa collaboration avec des mouvements de solidarit\u00e9 mondiaux et locaux, par exemple comme observateur des droits de la personne au Chiapas, au Mexique, et comme pr\u00e9sident de l\u2019Organisation catholique canadienne pour le d\u00e9veloppement et la paix. Il s\u2019emploie \u00e0 aider les r\u00e9fugi\u00e9s depuis 1975. Copr\u00e9sident fondateur de la Coalition anti-pauvret\u00e9 du Yukon, son engagement envers la justice sociale lui a permis d\u2019int\u00e9grer son approche fond\u00e9e sur le droit aux cours en travail social et en sciences politiques qu\u2019il donne au Coll\u00e8ge du Yukon depuis plus de 20\u00a0ans.<\/p>\n<h2>Karen Moir<\/h2>\n<p>Karen Moir a \u00e9t\u00e9 nomm\u00e9e en mai 2016 et son mandat a \u00e9t\u00e9 renouvel\u00e9 en 2019. Elle s\u2019est \u00e9tablie au Yukon en 2015 afin d\u2019y travailler pour le gouvernement du Canada, apr\u00e8s avoir pass\u00e9 de nombreuses ann\u00e9es \u00e0 l\u2019\u00e9tranger. Elle poss\u00e8de une vaste exp\u00e9rience de travail pour les Nations Unies \u00e0 Gen\u00e8ve, New York et Turin. Elle a r\u00e9cemment travaill\u00e9 \u00e0 l\u2019Institut de recherche des Nations Unies pour le d\u00e9veloppement social o\u00f9 elle faisait des recherches sur la justice interg\u00e9n\u00e9rationnelle et la protection sociale avec l\u2019ancien Rapporteur sp\u00e9cial sur les droits de l\u2019homme et l\u2019extr\u00eame pauvret\u00e9. Elle est titulaire d\u2019un baccalaur\u00e9at en sciences sociales avec sp\u00e9cialisation en d\u00e9veloppement international et en mondialisation de l\u2019Universit\u00e9 d\u2019Ottawa et d\u2019une ma\u00eetrise en droit international des droits de la personne de l\u2019Universit\u00e9 d\u2019Essex. \u00c0 titre de coordonnatrice du programme de responsabilit\u00e9 des entreprises du Centre d\u2019\u00e9tudes sur les droits de la personne d\u2019Essex, elle a fait progresser la gestion fond\u00e9e sur les droits de la personne dans le secteur de l\u2019extraction. Depuis le d\u00e9but de sa carri\u00e8re \u00e0 l\u2019Agence canadienne de d\u00e9veloppement international, elle a acquis une vision globale du d\u00e9veloppement inclusif et durable, et s\u2019int\u00e9resse particuli\u00e8rement aux droits socio\u00e9conomiques et culturels.<\/p>\n<h2>Keely Bass<\/h2>\n<h2>Samantha Dawson<\/h2>\n<h2>Rosemary Rowlands<\/h2>\n<p>[\/vc_column_text][\/vc_column_inner][\/vc_row_inner][\/vc_column][\/vc_row]<\/p>\n<\/div>","protected":false},"excerpt":{"rendered":"<p>[vc_row][vc_column width=\u00a0\u00bb1\/6&Prime;][\/vc_column][vc_column width=\u00a0\u00bb2\/3&Prime;][\/vc_column][vc_column width=\u00a0\u00bb1\/6&Prime;][\/vc_column][\/vc_row][vc_row full_width=\u00a0\u00bbstretch_row\u00a0\u00bb bg_type=\u00a0\u00bbimage\u00a0\u00bb parallax_style=\u00a0\u00bbvcpb-default\u00a0\u00bb bg_image_new=\u00a0\u00bbid^41|url^http:\/\/yukonhumanrights.ca\/wp-content\/uploads\/2020\/09\/blue-background.jpg|caption^null|alt^null|title^blue-background|description^null\u00a0\u00bb bg_image_repeat=\u00a0\u00bbno-repeat\u00a0\u00bb bg_img_attach=\u00a0\u00bbfixed\u00a0\u00bb el_class=\u00a0\u00bbcontent-wrapper\u00a0\u00bb][vc_column][vc_row_inner el_class=\u00a0\u00bbwhite-box white-box-top\u00a0\u00bb][vc_column_inner][vc_column_text] Michael Dougherty, pr\u00e9sident Michael Dougherty a \u00e9t\u00e9 nomm\u00e9 en d\u00e9cembre 2018. Il a rempli six mandats dans le Comit\u00e9 d\u2019arbitrage de la Commission des droits de la personne du Yukon. Il est membre du Conseil de la magistrature du Conseil des Ta\u2019an&hellip;<\/p>\n","protected":false},"author":1,"featured_media":0,"parent":0,"menu_order":62,"comment_status":"closed","ping_status":"closed","template":"","meta":{"footnotes":""},"class_list":["post-710","page","type-page","status-publish","hentry","description-off"],"yoast_head":"<!-- This site is optimized with the Yoast SEO plugin v27.5 - https:\/\/yoast.com\/product\/yoast-seo-wordpress\/ -->\n<title>Membres de la Commission - Commission des droits de la personne du Yukon<\/title>\n<meta name=\"robots\" content=\"index, follow, max-snippet:-1, max-image-preview:large, max-video-preview:-1\" \/>\n<link rel=\"canonical\" href=\"https:\/\/yukonhumanrights.ca\/fr\/membres-de-la-commission\/\" \/>\n<meta property=\"og:locale\" content=\"fr_FR\" \/>\n<meta property=\"og:type\" content=\"article\" \/>\n<meta property=\"og:title\" content=\"Membres de la Commission - Commission des droits de la personne du Yukon\" \/>\n<meta property=\"og:description\" content=\"[vc_row][vc_column width=\u00a0\u00bb1\/6&Prime;][\/vc_column][vc_column width=\u00a0\u00bb2\/3&Prime;][\/vc_column][vc_column width=\u00a0\u00bb1\/6&Prime;][\/vc_column][\/vc_row][vc_row full_width=\u00a0\u00bbstretch_row\u00a0\u00bb bg_type=\u00a0\u00bbimage\u00a0\u00bb parallax_style=\u00a0\u00bbvcpb-default\u00a0\u00bb bg_image_new=\u00a0\u00bbid^41|url^http:\/\/yukonhumanrights.ca\/wp-content\/uploads\/2020\/09\/blue-background.jpg|caption^null|alt^null|title^blue-background|description^null\u00a0\u00bb bg_image_repeat=\u00a0\u00bbno-repeat\u00a0\u00bb bg_img_attach=\u00a0\u00bbfixed\u00a0\u00bb el_class=\u00a0\u00bbcontent-wrapper\u00a0\u00bb][vc_column][vc_row_inner el_class=\u00a0\u00bbwhite-box white-box-top\u00a0\u00bb][vc_column_inner][vc_column_text] Michael Dougherty, pr\u00e9sident Michael Dougherty a \u00e9t\u00e9 nomm\u00e9 en d\u00e9cembre 2018. Il a rempli six mandats dans le Comit\u00e9 d\u2019arbitrage de la Commission des droits de la personne du Yukon. Il est membre du Conseil de la magistrature du Conseil des Ta\u2019an&hellip;\" \/>\n<meta property=\"og:url\" content=\"https:\/\/yukonhumanrights.ca\/fr\/membres-de-la-commission\/\" \/>\n<meta property=\"og:site_name\" content=\"Commission des droits de la personne du Yukon\" \/>\n<meta property=\"article:modified_time\" content=\"2022-03-21T22:08:44+00:00\" \/>\n<meta name=\"twitter:card\" content=\"summary_large_image\" \/>\n<meta name=\"twitter:label1\" content=\"Dur\u00e9e de lecture estim\u00e9e\" \/>\n\t<meta name=\"twitter:data1\" content=\"2 minutes\" \/>\n<script type=\"application\/ld+json\" class=\"yoast-schema-graph\">{\"@context\":\"https:\\\/\\\/schema.org\",\"@graph\":[{\"@type\":\"WebPage\",\"@id\":\"https:\\\/\\\/yukonhumanrights.ca\\\/fr\\\/membres-de-la-commission\\\/\",\"url\":\"https:\\\/\\\/yukonhumanrights.ca\\\/fr\\\/membres-de-la-commission\\\/\",\"name\":\"Membres de la Commission - Commission des droits de la personne du Yukon\",\"isPartOf\":{\"@id\":\"https:\\\/\\\/yukonhumanrights.ca\\\/fr\\\/#website\"},\"datePublished\":\"2020-10-05T20:06:41+00:00\",\"dateModified\":\"2022-03-21T22:08:44+00:00\",\"breadcrumb\":{\"@id\":\"https:\\\/\\\/yukonhumanrights.ca\\\/fr\\\/membres-de-la-commission\\\/#breadcrumb\"},\"inLanguage\":\"fr-FR\",\"potentialAction\":[{\"@type\":\"ReadAction\",\"target\":[\"https:\\\/\\\/yukonhumanrights.ca\\\/fr\\\/membres-de-la-commission\\\/\"]}]},{\"@type\":\"BreadcrumbList\",\"@id\":\"https:\\\/\\\/yukonhumanrights.ca\\\/fr\\\/membres-de-la-commission\\\/#breadcrumb\",\"itemListElement\":[{\"@type\":\"ListItem\",\"position\":1,\"name\":\"Home\",\"item\":\"https:\\\/\\\/yukonhumanrights.ca\\\/fr\\\/\"},{\"@type\":\"ListItem\",\"position\":2,\"name\":\"Membres de la Commission\"}]},{\"@type\":\"WebSite\",\"@id\":\"https:\\\/\\\/yukonhumanrights.ca\\\/fr\\\/#website\",\"url\":\"https:\\\/\\\/yukonhumanrights.ca\\\/fr\\\/\",\"name\":\"Commission des droits de la personne du Yukon\",\"description\":\"\",\"potentialAction\":[{\"@type\":\"SearchAction\",\"target\":{\"@type\":\"EntryPoint\",\"urlTemplate\":\"https:\\\/\\\/yukonhumanrights.ca\\\/fr\\\/?s={search_term_string}\"},\"query-input\":{\"@type\":\"PropertyValueSpecification\",\"valueRequired\":true,\"valueName\":\"search_term_string\"}}],\"inLanguage\":\"fr-FR\"}]}<\/script>\n<!-- \/ Yoast SEO plugin. -->","yoast_head_json":{"title":"Membres de la Commission - Commission des droits de la personne du Yukon","robots":{"index":"index","follow":"follow","max-snippet":"max-snippet:-1","max-image-preview":"max-image-preview:large","max-video-preview":"max-video-preview:-1"},"canonical":"https:\/\/yukonhumanrights.ca\/fr\/membres-de-la-commission\/","og_locale":"fr_FR","og_type":"article","og_title":"Membres de la Commission - Commission des droits de la personne du Yukon","og_description":"[vc_row][vc_column width=\u00a0\u00bb1\/6&Prime;][\/vc_column][vc_column width=\u00a0\u00bb2\/3&Prime;][\/vc_column][vc_column width=\u00a0\u00bb1\/6&Prime;][\/vc_column][\/vc_row][vc_row full_width=\u00a0\u00bbstretch_row\u00a0\u00bb bg_type=\u00a0\u00bbimage\u00a0\u00bb parallax_style=\u00a0\u00bbvcpb-default\u00a0\u00bb bg_image_new=\u00a0\u00bbid^41|url^http:\/\/yukonhumanrights.ca\/wp-content\/uploads\/2020\/09\/blue-background.jpg|caption^null|alt^null|title^blue-background|description^null\u00a0\u00bb bg_image_repeat=\u00a0\u00bbno-repeat\u00a0\u00bb bg_img_attach=\u00a0\u00bbfixed\u00a0\u00bb el_class=\u00a0\u00bbcontent-wrapper\u00a0\u00bb][vc_column][vc_row_inner el_class=\u00a0\u00bbwhite-box white-box-top\u00a0\u00bb][vc_column_inner][vc_column_text] Michael Dougherty, pr\u00e9sident Michael Dougherty a \u00e9t\u00e9 nomm\u00e9 en d\u00e9cembre 2018. Il a rempli six mandats dans le Comit\u00e9 d\u2019arbitrage de la Commission des droits de la personne du Yukon. Il est membre du Conseil de la magistrature du Conseil des Ta\u2019an&hellip;","og_url":"https:\/\/yukonhumanrights.ca\/fr\/membres-de-la-commission\/","og_site_name":"Commission des droits de la personne du Yukon","article_modified_time":"2022-03-21T22:08:44+00:00","twitter_card":"summary_large_image","twitter_misc":{"Dur\u00e9e de lecture estim\u00e9e":"2 minutes"},"schema":{"@context":"https:\/\/schema.org","@graph":[{"@type":"WebPage","@id":"https:\/\/yukonhumanrights.ca\/fr\/membres-de-la-commission\/","url":"https:\/\/yukonhumanrights.ca\/fr\/membres-de-la-commission\/","name":"Membres de la Commission - Commission des droits de la personne du Yukon","isPartOf":{"@id":"https:\/\/yukonhumanrights.ca\/fr\/#website"},"datePublished":"2020-10-05T20:06:41+00:00","dateModified":"2022-03-21T22:08:44+00:00","breadcrumb":{"@id":"https:\/\/yukonhumanrights.ca\/fr\/membres-de-la-commission\/#breadcrumb"},"inLanguage":"fr-FR","potentialAction":[{"@type":"ReadAction","target":["https:\/\/yukonhumanrights.ca\/fr\/membres-de-la-commission\/"]}]},{"@type":"BreadcrumbList","@id":"https:\/\/yukonhumanrights.ca\/fr\/membres-de-la-commission\/#breadcrumb","itemListElement":[{"@type":"ListItem","position":1,"name":"Home","item":"https:\/\/yukonhumanrights.ca\/fr\/"},{"@type":"ListItem","position":2,"name":"Membres de la Commission"}]},{"@type":"WebSite","@id":"https:\/\/yukonhumanrights.ca\/fr\/#website","url":"https:\/\/yukonhumanrights.ca\/fr\/","name":"Commission des droits de la personne du Yukon","description":"","potentialAction":[{"@type":"SearchAction","target":{"@type":"EntryPoint","urlTemplate":"https:\/\/yukonhumanrights.ca\/fr\/?s={search_term_string}"},"query-input":{"@type":"PropertyValueSpecification","valueRequired":true,"valueName":"search_term_string"}}],"inLanguage":"fr-FR"}]}},"_links":{"self":[{"href":"https:\/\/yukonhumanrights.ca\/fr\/wp-json\/wp\/v2\/pages\/710","targetHints":{"allow":["GET"]}}],"collection":[{"href":"https:\/\/yukonhumanrights.ca\/fr\/wp-json\/wp\/v2\/pages"}],"about":[{"href":"https:\/\/yukonhumanrights.ca\/fr\/wp-json\/wp\/v2\/types\/page"}],"author":[{"embeddable":true,"href":"https:\/\/yukonhumanrights.ca\/fr\/wp-json\/wp\/v2\/users\/1"}],"replies":[{"embeddable":true,"href":"https:\/\/yukonhumanrights.ca\/fr\/wp-json\/wp\/v2\/comments?post=710"}],"version-history":[{"count":9,"href":"https:\/\/yukonhumanrights.ca\/fr\/wp-json\/wp\/v2\/pages\/710\/revisions"}],"predecessor-version":[{"id":2761,"href":"https:\/\/yukonhumanrights.ca\/fr\/wp-json\/wp\/v2\/pages\/710\/revisions\/2761"}],"wp:attachment":[{"href":"https:\/\/yukonhumanrights.ca\/fr\/wp-json\/wp\/v2\/media?parent=710"}],"curies":[{"name":"wp","href":"https:\/\/api.w.org\/{rel}","templated":true}]}}