{"id":683,"date":"2020-09-14T13:44:56","date_gmt":"2020-09-14T20:44:56","guid":{"rendered":"http:\/\/yukonhumanrights.ca\/public-education\/"},"modified":"2021-08-25T15:07:31","modified_gmt":"2021-08-25T22:07:31","slug":"sensibilisation-du-public","status":"publish","type":"page","link":"https:\/\/yukonhumanrights.ca\/fr\/sensibilisation-du-public\/","title":{"rendered":"Sensibilisation du public"},"content":{"rendered":"<div class=\"wpb-content-wrapper\"><p>[vc_row][vc_column width=\u00a0\u00bb1\/6&Prime;][\/vc_column][vc_column width=\u00a0\u00bb2\/3&Prime;]<div id=\"ultimate-heading-552269faa50c9eae6\" class=\"uvc-heading ult-adjust-bottom-margin ultimate-heading-552269faa50c9eae6 uvc-5380 title uvc-heading-default-font-sizes\" data-hspacer=\"no_spacer\"  data-halign=\"center\" style=\"text-align:center\"><div class=\"uvc-heading-spacer no_spacer\" style=\"top\"><\/div><div class=\"uvc-main-heading ult-responsive\"  data-ultimate-target='.uvc-heading.ultimate-heading-552269faa50c9eae6 h1'  data-responsive-json-new='{\"font-size\":\"\",\"line-height\":\"\"}' ><h1 style=\"--font-weight:theme;\">Sensibilisation du public<\/h1><\/div><div class=\"uvc-sub-heading ult-responsive\"  data-ultimate-target='.uvc-heading.ultimate-heading-552269faa50c9eae6 .uvc-sub-heading '  data-responsive-json-new='{\"font-size\":\"\",\"line-height\":\"\"}'  style=\"font-weight:normal;\">La Commission des droits de la personne du Yukon a pour mandat de promouvoir le principe selon lequel les \u00eatres humains sont libres et \u00e9gaux en dignit\u00e9 et en droits, et selon lequel la diversit\u00e9 culturelle est une valeur humaine fondamentale et un droit inali\u00e9nable. Elle a aussi pour mandat de promouvoir la sensibilisation et la recherche en vue d\u2019\u00e9liminer la discrimination.<\/div><\/div>[\/vc_column][vc_column width=\u00a0\u00bb1\/6&Prime;][\/vc_column][\/vc_row][vc_row full_width=\u00a0\u00bbstretch_row\u00a0\u00bb bg_type=\u00a0\u00bbimage\u00a0\u00bb parallax_style=\u00a0\u00bbvcpb-default\u00a0\u00bb bg_image_new=\u00a0\u00bbid^41|url^http:\/\/yukonhumanrights.ca\/wp-content\/uploads\/2020\/09\/blue-background.jpg|caption^null|alt^null|title^blue-background|description^null\u00a0\u00bb bg_image_repeat=\u00a0\u00bbno-repeat\u00a0\u00bb bg_img_attach=\u00a0\u00bbfixed\u00a0\u00bb el_class=\u00a0\u00bbcontent-wrapper\u00a0\u00bb][vc_column][vc_row_inner el_class=\u00a0\u00bbwhite-box white-box-top\u00a0\u00bb][vc_column_inner][vc_column_text css=\u00a0\u00bb.vc_custom_1605206592998{margin-bottom: 10px !important;}\u00a0\u00bb]<\/p>\n<h2>Pr\u00e9sentations sur la promotion des droits de la personne<\/h2>\n<p>La Commission offre des pr\u00e9sentations accessibles et adaptables sur la promotion des droits la personne. Elles peuvent \u00eatre faites dans le cadre d\u2019activit\u00e9s ou de conf\u00e9rences, devant des groupes ou m\u00eame en s\u00e9ance individuelle. Pour r\u00e9server une pr\u00e9sentation, remplissez le formulaire en ligne ci-dessous.[\/vc_column_text]<div id=\"modal-trg-txt-wrap-4696\" class=\"ult-modal-input-wrapper ult-adjust-bottom-margin    \" data-keypress-control=\"keypress-control-enable\" data-overlay-control=\"overlay-control-enable\"><button  data-ultimate-target='#modal-trg-txt-wrap-4696 .btn-modal'  data-responsive-json-new='{\"font-size\":\"\",\"line-height\":\"\"}'  style=\"background:#f99e2d;border-color:#f99e2d;color:#ffffff; \" data-class-id=\"content-69faa50c9ec132-78685745\" class=\"btn-modal ult-responsive btn-primary btn-modal-md overlay-show ult-align-left btn-id-69faa50c9ec132-78685745\" data-overlay-class=\"overlay-cornerbottomright\">Formulaire de r\u00e9servation pour la promotion des droits de la personne<\/button><\/div>\n<div class=\"ult-overlay content-69faa50c9ec132-78685745 \" data-class=\"content-69faa50c9ec132-78685745\" id=\"button-click-overlay\" style=\"background:rgba(51,51,51,0.85); display:none;\">\n\t<div class=\"ult_modal ult-fade ult-medium\">\n\t\t<div id=\"ult-modal-wrap-9350\" class=\"ult_modal-content ult-hide\" style=\"border-style:solid;border-width:2px;border-radius:0px;border-color:#f99e2d;\">\n\t\t\t<div class=\"ult_modal-header\" style=\"background:#ffffff;color:#333333;border-color:#f99e2d;\">\n\t\t\t\t<h3  data-ultimate-target='#ult-modal-wrap-9350 .ult_modal-title'  data-responsive-json-new='{\"font-size\":\"\",\"line-height\":\"\"}'  class=\"ult_modal-title ult-responsive\">Formulaire de r\u00e9servation pour la promotion des droits de la personne<\/h3>\n\t\t\t<\/div>\n\t\t\t<div  data-ultimate-target='#ult-modal-wrap-9350 .ult_modal-body'  data-responsive-json-new='{\"font-size\":\"\",\"line-height\":\"\"}'  class=\"ult_modal-body ult-responsive ult-html\" style=\"background:#ffffff;\">\n\t\t\t\n<div class=\"wpcf7 no-js\" id=\"wpcf7-f941-o1\" lang=\"fr-FR\" dir=\"ltr\" data-wpcf7-id=\"941\">\n<div class=\"screen-reader-response\"><p role=\"status\" aria-live=\"polite\" aria-atomic=\"true\"><\/p> <ul><\/ul><\/div>\n<form action=\"\/fr\/wp-json\/wp\/v2\/pages\/683#wpcf7-f941-o1\" method=\"post\" class=\"wpcf7-form init\" aria-label=\"Formulaire de contact\" novalidate=\"novalidate\" data-status=\"init\">\n<fieldset class=\"hidden-fields-container\"><input type=\"hidden\" name=\"_wpcf7\" value=\"941\" \/><input type=\"hidden\" name=\"_wpcf7_version\" value=\"6.1.5\" \/><input type=\"hidden\" name=\"_wpcf7_locale\" value=\"fr_FR\" \/><input type=\"hidden\" name=\"_wpcf7_unit_tag\" value=\"wpcf7-f941-o1\" \/><input type=\"hidden\" name=\"_wpcf7_container_post\" value=\"0\" \/><input type=\"hidden\" name=\"_wpcf7_posted_data_hash\" value=\"\" \/><input type=\"hidden\" name=\"_wpcf7_recaptcha_response\" value=\"\" \/>\n<\/fieldset>\n<p><label> Organisme\/groupe<br \/>\n<span class=\"wpcf7-form-control-wrap\" data-name=\"organization-name\"><input size=\"40\" maxlength=\"400\" class=\"wpcf7-form-control wpcf7-text wpcf7-validates-as-required\" aria-required=\"true\" aria-invalid=\"false\" value=\"\" type=\"text\" name=\"organization-name\" \/><\/span> <\/label>\n<\/p>\n<p><label> Date et heure de la pr\u00e9sentation<br \/>\n<span class=\"wpcf7-form-control-wrap\" data-name=\"requested-date\"><input size=\"40\" maxlength=\"400\" class=\"wpcf7-form-control wpcf7-text picker\" aria-invalid=\"false\" value=\"\" type=\"text\" name=\"requested-date\" \/><\/span> <\/label>\n<\/p>\n<p><label> Sujets relatifs aux droits de la personne<br \/>\n<span class=\"wpcf7-form-control-wrap\" data-name=\"topic\"><input size=\"40\" maxlength=\"400\" class=\"wpcf7-form-control wpcf7-text wpcf7-validates-as-required\" aria-required=\"true\" aria-invalid=\"false\" value=\"\" type=\"text\" name=\"topic\" \/><\/span> <\/label>\n<\/p>\n<p><label> Objectives<br \/>\n<span class=\"wpcf7-form-control-wrap\" data-name=\"objectives\"><textarea cols=\"40\" rows=\"10\" maxlength=\"2000\" class=\"wpcf7-form-control wpcf7-textarea textarea-small\" aria-invalid=\"false\" name=\"objectives\"><\/textarea><\/span> <\/label>\n<\/p>\n<p><label> Nombre de participants<br \/>\n<span class=\"wpcf7-form-control-wrap\" data-name=\"expected-audience-size\"><input size=\"40\" maxlength=\"400\" class=\"wpcf7-form-control wpcf7-text\" aria-invalid=\"false\" value=\"\" type=\"text\" name=\"expected-audience-size\" \/><\/span> <\/label>\n<\/p>\n<p><label> Pr\u00e9nom<br \/>\n<span class=\"wpcf7-form-control-wrap\" data-name=\"primary-contact-first-name\"><input size=\"40\" maxlength=\"400\" class=\"wpcf7-form-control wpcf7-text wpcf7-validates-as-required\" aria-required=\"true\" aria-invalid=\"false\" value=\"\" type=\"text\" name=\"primary-contact-first-name\" \/><\/span> <\/label>\n<\/p>\n<p><label> Nom de famille<br \/>\n<span class=\"wpcf7-form-control-wrap\" data-name=\"primary-contact-last-name\"><input size=\"40\" maxlength=\"400\" class=\"wpcf7-form-control wpcf7-text wpcf7-validates-as-required\" aria-required=\"true\" aria-invalid=\"false\" value=\"\" type=\"text\" name=\"primary-contact-last-name\" \/><\/span> <\/label>\n<\/p>\n<p><label> Courriel<br \/>\n<span class=\"wpcf7-form-control-wrap\" data-name=\"primary-contact-email\"><input size=\"40\" maxlength=\"400\" class=\"wpcf7-form-control wpcf7-email wpcf7-validates-as-required wpcf7-text wpcf7-validates-as-email\" aria-required=\"true\" aria-invalid=\"false\" value=\"\" type=\"email\" name=\"primary-contact-email\" \/><\/span> <\/label>\n<\/p>\n<p><label> T\u00e9l\u00e9phone<br \/>\n<span class=\"wpcf7-form-control-wrap\" data-name=\"primary-contact-phone\"><input size=\"40\" maxlength=\"400\" class=\"wpcf7-form-control wpcf7-text\" aria-invalid=\"false\" value=\"\" type=\"text\" name=\"primary-contact-phone\" \/><\/span> <\/label>\n<\/p>\n<p><label> Remarques (facultatif)<br \/>\n<span class=\"wpcf7-form-control-wrap\" data-name=\"notes\"><textarea cols=\"40\" rows=\"10\" maxlength=\"2000\" class=\"wpcf7-form-control wpcf7-textarea textarea-small\" aria-invalid=\"false\" name=\"notes\"><\/textarea><\/span> <\/label>\n<\/p>\n<input class=\"wpcf7-form-control wpcf7-hidden\" value=\"Website\" type=\"hidden\" name=\"Lead\" \/>\n<p><input class=\"wpcf7-form-control wpcf7-submit has-spinner\" type=\"submit\" value=\"Envoyer\" \/>\n<\/p><input type='hidden' class='wpcf7-pum' value='{\"closepopup\":false,\"closedelay\":0,\"openpopup\":false,\"openpopup_id\":0}' \/><div class=\"wpcf7-response-output\" aria-hidden=\"true\"><\/div>\n<\/form>\n<\/div>\n\n\t\t\t<\/div>\n\t<\/div>\n\t<\/div>\n\t<div class=\"ult-overlay-close top-right\" style=\"width:80px;height:80px; \"><div class=\"ult-overlay-close-inside\">Close<\/div><\/div>\n<\/div><div class=\"ult-spacer spacer-69faa50ca5a26\" data-id=\"69faa50ca5a26\" data-height=\"10\" data-height-mobile=\"10\" data-height-tab=\"10\" data-height-tab-portrait=\"\" data-height-mobile-landscape=\"\" style=\"clear:both;display:block;\"><\/div>[vc_column_text]<\/p>\n<h2>Centre d\u2019apprentissage<\/h2>\n<p>\u00c0 compter du 1<sup>er<\/sup>\u00a0ao\u00fbt 2020, le centre d\u2019apprentissage de la Commission des droits de la personne du Yukon sera ouvert \u00e0 tous. C\u2019est un lieu s\u00fbr qu\u2019on peut fr\u00e9quenter gratuitement de 8\u00a0h\u00a030 \u00e0 16\u00a0h\u00a030 du lundi au vendredi, sans rendez-vous, selon le principe du premier arriv\u00e9, premier servi ou sur r\u00e9servation. Le lieu peut accueillir au maximum dix personnes \u00e0 la fois.<\/p>\n<p><a href=\"http:\/\/yukonhumanrights.ca\/fr\/renseignements\/\">Contactez<\/a> la Commission des droits de la personne pour en savoir plus sur le centre d\u2019apprentissage.[\/vc_column_text][vc_column_text]<\/p>\n<h2>Biblioth\u00e8que de la CDPY<\/h2>\n<p>La Commission poss\u00e8de une biblioth\u00e8que consacr\u00e9e aux droits de la personne. Elle contient des documents, des livres et des livres pour enfants relatifs aux droits de la personne. Tout le monde peut emprunter un livre de la collection de 8\u00a0h\u00a030 \u00e0 16\u00a0h\u00a030 du lundi au vendredi.[\/vc_column_text][vc_column_text]<\/p>\n<h2>Examen des politiques<\/h2>\n<p>Le personnel de la Commission offre un service d\u2019examen des politiques en mati\u00e8re de droits de la personne, de harc\u00e8lement et de pratiques \u00e9thiques pour v\u00e9rifier si les politiques sont conformes \u00e0 la\u00a0<em>Loi sur les droits de la personne<\/em> du Yukon. <a href=\"http:\/\/yukonhumanrights.ca\/fr\/renseignements\/\">Contactez-nous<\/a> pour en savoir plus sur ce que la Commission peut faire pour vous.[\/vc_column_text][vc_column_text]<\/p>\n<h2>Recherche<\/h2>\n<p>La Commission a pour mandat de faire de la recherche et de transmettre l\u2019information sur l\u2019\u00e9galit\u00e9, la discrimination, le harc\u00e8lement et les droits de la personne. Pour en savoir plus sur ce que la Commission peut faire pour vous, contactez-nous \u00e0 <a href=\"mailto:info@yukonhumanrights.ca\">info@yukonhumanrights.ca<\/a> ou au 867-667-6226.[\/vc_column_text][vc_column_text]<\/p>\n<h2>Partenariats<\/h2>\n<p>La Commission des droits de la personne du Yukon participe activement \u00e0 des initiatives communautaires \u00e0 l\u2019\u00e9chelle locale, territoriale et nationale. Nous sommes heureux de pouvoir collaborer avec d\u2019autres organismes yukonnais. Contactez-nous pour nous faire part de vos id\u00e9es!<\/p>\n<h3>Vers un Yukon sans harc\u00e8lement sexuel au travail<\/h3>\n<p>La Commission s\u2019est associ\u00e9e au gouvernement du Canada dans le cadre d\u2019un projet de cinq ans intitul\u00e9 \u00ab Vers un Yukon sans harc\u00e8lement sexuel au travail \u00bb. L\u2019objectif de cette initiative est de s\u2019attaquer au probl\u00e8me du harc\u00e8lement sexuel en milieu de travail au Yukon et d\u2019y mettre fin. Pour en savoir plus sur cette initiative, consultez notre page <a href=\"https:\/\/yukonhumanrights.ca\/fr\/a-propos-du-harcelement-sexuel-au-travail\/\">\u00c0 propos du harc\u00e8lement sexuel au travail<\/a>.[\/vc_column_text][vc_column_text]<\/p>\n<h2>Consultations<\/h2>\n<p>Le personnel de la Commission des droits de la personne du Yukon peut vous renseigner sur des questions pr\u00e9cises ou d\u2019ordre g\u00e9n\u00e9ral. Par exemple, il peut conseiller des employeurs et des groupes sur les mani\u00e8res de favoriser l\u2019\u00e9galit\u00e9 et de r\u00e9duire la discrimination. Si la Commission ne peut pas vous aider, son personnel vous dirigera vers d\u2019autres fournisseurs de services, des formateurs ou des organismes qui offrent les programmes et les services dont vous avez besoin.[\/vc_column_text][vc_column_text]<\/p>\n<h2>Dates importantes pour les droits de la personne et la diversit\u00e9<\/h2>\n<p>La Commission des droits de la personne du Yukon souligne officiellement la Journ\u00e9e internationale des droits de la personne (10\u00a0d\u00e9cembre) et la Journ\u00e9e internationale pour l\u2019\u00e9limination de la discrimination raciale (21\u00a0mars).<\/p>\n<p>L\u2019Organisation des Nations Unies d\u00e9signe des\u00a0<a href=\"https:\/\/www.un.org\/fr\/sections\/observances\/international-days\/index.html\" target=\"_blank\" rel=\"noopener noreferrer\">journ\u00e9es internationales<\/a>\u00a0pour attirer l\u2019attention du monde sur les questions auxquelles elle s\u2019int\u00e9resse particuli\u00e8rement. Organisez des activit\u00e9s ou participez \u00e0 des activit\u00e9s qui soulignent ces journ\u00e9es sp\u00e9ciales.[\/vc_column_text][\/vc_column_inner][\/vc_row_inner][\/vc_column][\/vc_row]<\/p>\n<\/div>","protected":false},"excerpt":{"rendered":"<p>[vc_row][vc_column width=\u00a0\u00bb1\/6&Prime;][\/vc_column][vc_column width=\u00a0\u00bb2\/3&Prime;][\/vc_column][vc_column width=\u00a0\u00bb1\/6&Prime;][\/vc_column][\/vc_row][vc_row full_width=\u00a0\u00bbstretch_row\u00a0\u00bb bg_type=\u00a0\u00bbimage\u00a0\u00bb parallax_style=\u00a0\u00bbvcpb-default\u00a0\u00bb bg_image_new=\u00a0\u00bbid^41|url^http:\/\/yukonhumanrights.ca\/wp-content\/uploads\/2020\/09\/blue-background.jpg|caption^null|alt^null|title^blue-background|description^null\u00a0\u00bb bg_image_repeat=\u00a0\u00bbno-repeat\u00a0\u00bb bg_img_attach=\u00a0\u00bbfixed\u00a0\u00bb el_class=\u00a0\u00bbcontent-wrapper\u00a0\u00bb][vc_column][vc_row_inner el_class=\u00a0\u00bbwhite-box white-box-top\u00a0\u00bb][vc_column_inner][vc_column_text css=\u00a0\u00bb.vc_custom_1605206592998{margin-bottom: 10px !important;}\u00a0\u00bb] Pr\u00e9sentations sur la promotion des droits de la personne La Commission offre des pr\u00e9sentations accessibles et adaptables sur la promotion des droits la personne. Elles peuvent \u00eatre faites dans le cadre d\u2019activit\u00e9s ou de conf\u00e9rences, devant des groupes ou&hellip;<\/p>\n","protected":false},"author":1,"featured_media":0,"parent":0,"menu_order":41,"comment_status":"closed","ping_status":"closed","template":"","meta":{"footnotes":""},"class_list":["post-683","page","type-page","status-publish","hentry","description-off"],"yoast_head":"<!-- This site is optimized with the Yoast SEO plugin v27.5 - https:\/\/yoast.com\/product\/yoast-seo-wordpress\/ -->\n<title>Sensibilisation du public - Commission des droits de la personne du Yukon<\/title>\n<meta name=\"robots\" content=\"index, follow, max-snippet:-1, max-image-preview:large, max-video-preview:-1\" \/>\n<link rel=\"canonical\" href=\"https:\/\/yukonhumanrights.ca\/fr\/sensibilisation-du-public\/\" \/>\n<meta property=\"og:locale\" content=\"fr_FR\" \/>\n<meta property=\"og:type\" content=\"article\" \/>\n<meta property=\"og:title\" content=\"Sensibilisation du public - Commission des droits de la personne du Yukon\" \/>\n<meta property=\"og:description\" content=\"[vc_row][vc_column width=\u00a0\u00bb1\/6&Prime;][\/vc_column][vc_column width=\u00a0\u00bb2\/3&Prime;][\/vc_column][vc_column width=\u00a0\u00bb1\/6&Prime;][\/vc_column][\/vc_row][vc_row full_width=\u00a0\u00bbstretch_row\u00a0\u00bb bg_type=\u00a0\u00bbimage\u00a0\u00bb parallax_style=\u00a0\u00bbvcpb-default\u00a0\u00bb bg_image_new=\u00a0\u00bbid^41|url^http:\/\/yukonhumanrights.ca\/wp-content\/uploads\/2020\/09\/blue-background.jpg|caption^null|alt^null|title^blue-background|description^null\u00a0\u00bb bg_image_repeat=\u00a0\u00bbno-repeat\u00a0\u00bb bg_img_attach=\u00a0\u00bbfixed\u00a0\u00bb el_class=\u00a0\u00bbcontent-wrapper\u00a0\u00bb][vc_column][vc_row_inner el_class=\u00a0\u00bbwhite-box white-box-top\u00a0\u00bb][vc_column_inner][vc_column_text css=\u00a0\u00bb.vc_custom_1605206592998{margin-bottom: 10px !important;}\u00a0\u00bb] Pr\u00e9sentations sur la promotion des droits de la personne La Commission offre des pr\u00e9sentations accessibles et adaptables sur la promotion des droits la personne. Elles peuvent \u00eatre faites dans le cadre d\u2019activit\u00e9s ou de conf\u00e9rences, devant des groupes ou&hellip;\" \/>\n<meta property=\"og:url\" content=\"https:\/\/yukonhumanrights.ca\/fr\/sensibilisation-du-public\/\" \/>\n<meta property=\"og:site_name\" content=\"Commission des droits de la personne du Yukon\" \/>\n<meta property=\"article:modified_time\" content=\"2021-08-25T22:07:31+00:00\" \/>\n<meta name=\"twitter:card\" content=\"summary_large_image\" \/>\n<meta name=\"twitter:label1\" content=\"Dur\u00e9e de lecture estim\u00e9e\" \/>\n\t<meta name=\"twitter:data1\" content=\"4 minutes\" \/>\n<script type=\"application\/ld+json\" class=\"yoast-schema-graph\">{\"@context\":\"https:\\\/\\\/schema.org\",\"@graph\":[{\"@type\":\"WebPage\",\"@id\":\"https:\\\/\\\/yukonhumanrights.ca\\\/fr\\\/sensibilisation-du-public\\\/\",\"url\":\"https:\\\/\\\/yukonhumanrights.ca\\\/fr\\\/sensibilisation-du-public\\\/\",\"name\":\"Sensibilisation du public - Commission des droits de la personne du Yukon\",\"isPartOf\":{\"@id\":\"https:\\\/\\\/yukonhumanrights.ca\\\/fr\\\/#website\"},\"datePublished\":\"2020-09-14T20:44:56+00:00\",\"dateModified\":\"2021-08-25T22:07:31+00:00\",\"breadcrumb\":{\"@id\":\"https:\\\/\\\/yukonhumanrights.ca\\\/fr\\\/sensibilisation-du-public\\\/#breadcrumb\"},\"inLanguage\":\"fr-FR\",\"potentialAction\":[{\"@type\":\"ReadAction\",\"target\":[\"https:\\\/\\\/yukonhumanrights.ca\\\/fr\\\/sensibilisation-du-public\\\/\"]}]},{\"@type\":\"BreadcrumbList\",\"@id\":\"https:\\\/\\\/yukonhumanrights.ca\\\/fr\\\/sensibilisation-du-public\\\/#breadcrumb\",\"itemListElement\":[{\"@type\":\"ListItem\",\"position\":1,\"name\":\"Home\",\"item\":\"https:\\\/\\\/yukonhumanrights.ca\\\/fr\\\/\"},{\"@type\":\"ListItem\",\"position\":2,\"name\":\"Sensibilisation du public\"}]},{\"@type\":\"WebSite\",\"@id\":\"https:\\\/\\\/yukonhumanrights.ca\\\/fr\\\/#website\",\"url\":\"https:\\\/\\\/yukonhumanrights.ca\\\/fr\\\/\",\"name\":\"Commission des droits de la personne du Yukon\",\"description\":\"\",\"potentialAction\":[{\"@type\":\"SearchAction\",\"target\":{\"@type\":\"EntryPoint\",\"urlTemplate\":\"https:\\\/\\\/yukonhumanrights.ca\\\/fr\\\/?s={search_term_string}\"},\"query-input\":{\"@type\":\"PropertyValueSpecification\",\"valueRequired\":true,\"valueName\":\"search_term_string\"}}],\"inLanguage\":\"fr-FR\"}]}<\/script>\n<!-- \/ Yoast SEO plugin. -->","yoast_head_json":{"title":"Sensibilisation du public - Commission des droits de la personne du Yukon","robots":{"index":"index","follow":"follow","max-snippet":"max-snippet:-1","max-image-preview":"max-image-preview:large","max-video-preview":"max-video-preview:-1"},"canonical":"https:\/\/yukonhumanrights.ca\/fr\/sensibilisation-du-public\/","og_locale":"fr_FR","og_type":"article","og_title":"Sensibilisation du public - Commission des droits de la personne du Yukon","og_description":"[vc_row][vc_column width=\u00a0\u00bb1\/6&Prime;][\/vc_column][vc_column width=\u00a0\u00bb2\/3&Prime;][\/vc_column][vc_column width=\u00a0\u00bb1\/6&Prime;][\/vc_column][\/vc_row][vc_row full_width=\u00a0\u00bbstretch_row\u00a0\u00bb bg_type=\u00a0\u00bbimage\u00a0\u00bb parallax_style=\u00a0\u00bbvcpb-default\u00a0\u00bb bg_image_new=\u00a0\u00bbid^41|url^http:\/\/yukonhumanrights.ca\/wp-content\/uploads\/2020\/09\/blue-background.jpg|caption^null|alt^null|title^blue-background|description^null\u00a0\u00bb bg_image_repeat=\u00a0\u00bbno-repeat\u00a0\u00bb bg_img_attach=\u00a0\u00bbfixed\u00a0\u00bb el_class=\u00a0\u00bbcontent-wrapper\u00a0\u00bb][vc_column][vc_row_inner el_class=\u00a0\u00bbwhite-box white-box-top\u00a0\u00bb][vc_column_inner][vc_column_text css=\u00a0\u00bb.vc_custom_1605206592998{margin-bottom: 10px !important;}\u00a0\u00bb] Pr\u00e9sentations sur la promotion des droits de la personne La Commission offre des pr\u00e9sentations accessibles et adaptables sur la promotion des droits la personne. Elles peuvent \u00eatre faites dans le cadre d\u2019activit\u00e9s ou de conf\u00e9rences, devant des groupes ou&hellip;","og_url":"https:\/\/yukonhumanrights.ca\/fr\/sensibilisation-du-public\/","og_site_name":"Commission des droits de la personne du Yukon","article_modified_time":"2021-08-25T22:07:31+00:00","twitter_card":"summary_large_image","twitter_misc":{"Dur\u00e9e de lecture estim\u00e9e":"4 minutes"},"schema":{"@context":"https:\/\/schema.org","@graph":[{"@type":"WebPage","@id":"https:\/\/yukonhumanrights.ca\/fr\/sensibilisation-du-public\/","url":"https:\/\/yukonhumanrights.ca\/fr\/sensibilisation-du-public\/","name":"Sensibilisation du public - Commission des droits de la personne du Yukon","isPartOf":{"@id":"https:\/\/yukonhumanrights.ca\/fr\/#website"},"datePublished":"2020-09-14T20:44:56+00:00","dateModified":"2021-08-25T22:07:31+00:00","breadcrumb":{"@id":"https:\/\/yukonhumanrights.ca\/fr\/sensibilisation-du-public\/#breadcrumb"},"inLanguage":"fr-FR","potentialAction":[{"@type":"ReadAction","target":["https:\/\/yukonhumanrights.ca\/fr\/sensibilisation-du-public\/"]}]},{"@type":"BreadcrumbList","@id":"https:\/\/yukonhumanrights.ca\/fr\/sensibilisation-du-public\/#breadcrumb","itemListElement":[{"@type":"ListItem","position":1,"name":"Home","item":"https:\/\/yukonhumanrights.ca\/fr\/"},{"@type":"ListItem","position":2,"name":"Sensibilisation du public"}]},{"@type":"WebSite","@id":"https:\/\/yukonhumanrights.ca\/fr\/#website","url":"https:\/\/yukonhumanrights.ca\/fr\/","name":"Commission des droits de la personne du Yukon","description":"","potentialAction":[{"@type":"SearchAction","target":{"@type":"EntryPoint","urlTemplate":"https:\/\/yukonhumanrights.ca\/fr\/?s={search_term_string}"},"query-input":{"@type":"PropertyValueSpecification","valueRequired":true,"valueName":"search_term_string"}}],"inLanguage":"fr-FR"}]}},"_links":{"self":[{"href":"https:\/\/yukonhumanrights.ca\/fr\/wp-json\/wp\/v2\/pages\/683","targetHints":{"allow":["GET"]}}],"collection":[{"href":"https:\/\/yukonhumanrights.ca\/fr\/wp-json\/wp\/v2\/pages"}],"about":[{"href":"https:\/\/yukonhumanrights.ca\/fr\/wp-json\/wp\/v2\/types\/page"}],"author":[{"embeddable":true,"href":"https:\/\/yukonhumanrights.ca\/fr\/wp-json\/wp\/v2\/users\/1"}],"replies":[{"embeddable":true,"href":"https:\/\/yukonhumanrights.ca\/fr\/wp-json\/wp\/v2\/comments?post=683"}],"version-history":[{"count":11,"href":"https:\/\/yukonhumanrights.ca\/fr\/wp-json\/wp\/v2\/pages\/683\/revisions"}],"predecessor-version":[{"id":2083,"href":"https:\/\/yukonhumanrights.ca\/fr\/wp-json\/wp\/v2\/pages\/683\/revisions\/2083"}],"wp:attachment":[{"href":"https:\/\/yukonhumanrights.ca\/fr\/wp-json\/wp\/v2\/media?parent=683"}],"curies":[{"name":"wp","href":"https:\/\/api.w.org\/{rel}","templated":true}]}}