{"id":653,"date":"2020-09-30T09:53:47","date_gmt":"2020-09-30T16:53:47","guid":{"rendered":"http:\/\/yukonhumanrights.ca\/what-is-the-yukon-human-rights-panel-of-adjudicators\/"},"modified":"2020-11-19T13:52:28","modified_gmt":"2020-11-19T20:52:28","slug":"quest-ce-que-le-comite-darbitrage-des-droits-de-la-personne-du-yukon","status":"publish","type":"page","link":"https:\/\/yukonhumanrights.ca\/fr\/quest-ce-que-le-comite-darbitrage-des-droits-de-la-personne-du-yukon\/","title":{"rendered":"Qu\u2019est-ce que le Comit\u00e9 d\u2019arbitrage des droits de la personne du Yukon?"},"content":{"rendered":"<div class=\"wpb-content-wrapper\"><p>[vc_row][vc_column width=\u00a0\u00bb1\/6&Prime;][\/vc_column][vc_column width=\u00a0\u00bb2\/3&Prime;]<div id=\"ultimate-heading-697669f3eedb11746\" class=\"uvc-heading ult-adjust-bottom-margin ultimate-heading-697669f3eedb11746 uvc-457 title uvc-heading-default-font-sizes\" data-hspacer=\"no_spacer\"  data-halign=\"center\" style=\"text-align:center\"><div class=\"uvc-heading-spacer no_spacer\" style=\"top\"><\/div><div class=\"uvc-main-heading ult-responsive\"  data-ultimate-target='.uvc-heading.ultimate-heading-697669f3eedb11746 h1'  data-responsive-json-new='{\"font-size\":\"\",\"line-height\":\"\"}' ><h1 style=\"--font-weight:theme;\">Qu\u2019est-ce que le Comit\u00e9 d\u2019arbitrage des droits de la personne du Yukon?<\/h1><\/div><div class=\"uvc-sub-heading ult-responsive\"  data-ultimate-target='.uvc-heading.ultimate-heading-697669f3eedb11746 .uvc-sub-heading '  data-responsive-json-new='{\"font-size\":\"\",\"line-height\":\"\"}'  style=\"font-weight:normal;\"><\/p>\n<div class=\"uvc-sub-heading ult-responsive\" data-ultimate-target=\".uvc-heading.ultimate-heading-89085f6255772b6ef .uvc-sub-heading \" data-responsive-json-new=\"{&quot;font-size&quot;:&quot;&quot;,&quot;line-height&quot;:&quot;&quot;}\">\n<p>Le Comit\u00e9 d\u2019arbitrage des droits de la personne est le tribunal qui prend les d\u00e9cisions \u00e0 propos des plaintes relatives aux droits de la personne qui ont \u00e9t\u00e9 renvoy\u00e9es \u00e0 l\u2019audience par la Commission des droits de la personne du Yukon.<\/p>\n<\/div>\n<p><\/div><\/div>[\/vc_column][vc_column width=\u00a0\u00bb1\/6&Prime;][\/vc_column][\/vc_row][vc_row full_width=\u00a0\u00bbstretch_row\u00a0\u00bb bg_type=\u00a0\u00bbimage\u00a0\u00bb parallax_style=\u00a0\u00bbvcpb-default\u00a0\u00bb bg_image_new=\u00a0\u00bbid^41|url^http:\/\/yukonhumanrights.ca\/wp-content\/uploads\/2020\/09\/blue-background.jpg|caption^null|alt^null|title^blue-background|description^null\u00a0\u00bb bg_image_repeat=\u00a0\u00bbno-repeat\u00a0\u00bb bg_img_attach=\u00a0\u00bbfixed\u00a0\u00bb el_class=\u00a0\u00bbcontent-wrapper\u00a0\u00bb][vc_column][vc_row_inner el_class=\u00a0\u00bbwhite-box white-box-top\u00a0\u00bb][vc_column_inner][vc_column_text]Le Comit\u00e9 d\u2019arbitrage des droits de la personne du Yukon (le Comit\u00e9) est un tribunal ind\u00e9pendant de la Commission des droits de la personne du Yukon et du gouvernement du Yukon. Il participe au processus de traitement des plaintes relatives aux droits de la personne. Ces plaintes ne sont pas toutes renvoy\u00e9es pour instruction devant le Comit\u00e9. La plupart d\u2019entre elles sont r\u00e9gl\u00e9es \u00e0 l\u2019amiable, arr\u00eat\u00e9es ou closes pour d\u2019autres raisons avant qu\u2019elles parviennent \u00e0 cette \u00e9tape.<\/p>\n<p>La Commission des droits de la personne du Yukon transmet les plaintes au Comit\u00e9. L\u2019arbitre en chef constitue un Conseil d\u2019arbitrage qui entendra les plaintes que le Comit\u00e9 lui a renvoy\u00e9es. Les membres du Conseil sont choisis parmi les membres du Comit\u00e9 d\u2019arbitrage.<\/p>\n<h2>Dans certaines circonstances, la Commission peut renvoyer une plainte pour instruction au Comit\u00e9 d\u2019arbitrage, notamment\u00a0:<\/h2>\n<ul>\n<li>lorsque la Commission estime que la plainte est raisonnablement fond\u00e9e au regard des preuves;<\/li>\n<li>lorsque l\u2019urgence de la situation n\u00e9cessite une r\u00e9solution rapide et justifie un renvoi imm\u00e9diat au Comit\u00e9, lorsque le cas est de nature strictement juridique (les parties s\u2019entendent sur les faits), ou lorsque le t\u00e9moignage sous serment est la seule mani\u00e8re d\u2019\u00e9tablir les faits.<\/li>\n<\/ul>\n<p>En g\u00e9n\u00e9ral, les audiences sont publiques. Normalement, les d\u00e9cisions d\u00e9finitives sont publi\u00e9es sur le site Web du <a href=\"https:\/\/yhrpa.ca\/\" target=\"_blank\" rel=\"noopener noreferrer\">Comit\u00e9 d\u2019arbitrage des droits de la personne du Yukon<\/a> et le site Web de la Commission <span style=\"color: #ff0000;\">(link to Board Decisions)<\/span>. Au cours d\u2019une audience, le Conseil peut obliger des t\u00e9moins \u00e0 compara\u00eetre et \u00e0 t\u00e9moigner de vive voix, ainsi qu\u2019\u00e0 pr\u00e9senter des preuves pertinentes comme des documents. Apr\u00e8s avoir \u00e9tudi\u00e9 la preuve pr\u00e9sent\u00e9e pendant l\u2019audience, le Conseil peut d\u00e9cider de rejeter la plainte ou d\u00e9cider que la plainte est fond\u00e9e. Le Conseil motivera ses d\u00e9cisions par \u00e9crit.<\/p>\n<p>Si le Conseil estime que la plainte pour discrimination est fond\u00e9e selon la pr\u00e9pond\u00e9rance des probabilit\u00e9s, il peut ordonner \u00e0 un intim\u00e9 de prendre une ou plusieurs des mesures suivantes\u00a0:<\/p>\n<ul>\n<li>mettre fin aux actes discriminatoires;<\/li>\n<li>verser une certaine somme au plaignant pour le d\u00e9dommager de pertes financi\u00e8res caus\u00e9es par la discrimination;<\/li>\n<li>verser une certaine somme au plaignant \u00e0 titre de dommages-int\u00e9r\u00eats pour atteinte \u00e0 la dignit\u00e9, aux sentiments et \u00e0 l\u2019estime de soi;<\/li>\n<li>verser une certaine somme au plaignant \u00e0 titre de \u00ab\u00a0dommages exemplaires\u00a0\u00bb si la discrimination \u00e9tait \u00ab\u00a0malveillante\u00a0\u00bb (destin\u00e9e \u00e0 blesser et causer de la souffrance);<\/li>\n<li>payer les frais du plaignant, par exemple les honoraires de l\u2019avocat qui repr\u00e9sente le plaignant.<\/li>\n<\/ul>\n<h2>Appel devant la Cour supr\u00eame du Yukon<\/h2>\n<p>Si l\u2019une des parties (l\u2019intim\u00e9, le plaignant, ou la Commission) n\u2019est pas d\u2019accord avec la d\u00e9cision du Conseil d\u2019arbitrage, elle peut en appeler devant la Cour supr\u00eame du Yukon (la Cour). L\u2019avis d\u2019appel doit \u00eatre d\u00e9pos\u00e9 \u00e0 la Cour <strong>dans les 30\u00a0jours<\/strong> suivant la d\u00e9cision \u00e9crite du Conseil.<\/p>\n<p>En appel, la Cour peut trancher uniquement des erreurs de droit que le Conseil d\u2019arbitrage pourrait avoir commises, mais non sur des erreurs de fait. La Cour peut confirmer ou infirmer la d\u00e9cision du Conseil. Elle peut aussi ordonner la tenue d\u2019une nouvelle audience.<\/p>\n<p>Pour obtenir de plus amples renseignements sur le Comit\u00e9 d\u2019arbitrage des droits de la personne du Yukon, contactez le secr\u00e9tariat du Conseil au <a href=\"tel:867-668-5767\">867-668-5767<\/a> ou \u00e0 <a href=\"mailto:registrar@yhrpa.ca\">registrar@yhrpa.ca<\/a>, ou consultez le site Web <a href=\"https:\/\/yhrpa.ca\/\" target=\"_blank\" rel=\"noopener noreferrer\">yhrpa.ca<\/a>.[\/vc_column_text][\/vc_column_inner][\/vc_row_inner][\/vc_column][\/vc_row]<\/p>\n<\/div>","protected":false},"excerpt":{"rendered":"<p>[vc_row][vc_column width=\u00a0\u00bb1\/6&Prime;][\/vc_column][vc_column width=\u00a0\u00bb2\/3&Prime;][\/vc_column][vc_column width=\u00a0\u00bb1\/6&Prime;][\/vc_column][\/vc_row][vc_row full_width=\u00a0\u00bbstretch_row\u00a0\u00bb bg_type=\u00a0\u00bbimage\u00a0\u00bb parallax_style=\u00a0\u00bbvcpb-default\u00a0\u00bb bg_image_new=\u00a0\u00bbid^41|url^http:\/\/yukonhumanrights.ca\/wp-content\/uploads\/2020\/09\/blue-background.jpg|caption^null|alt^null|title^blue-background|description^null\u00a0\u00bb bg_image_repeat=\u00a0\u00bbno-repeat\u00a0\u00bb bg_img_attach=\u00a0\u00bbfixed\u00a0\u00bb el_class=\u00a0\u00bbcontent-wrapper\u00a0\u00bb][vc_column][vc_row_inner el_class=\u00a0\u00bbwhite-box white-box-top\u00a0\u00bb][vc_column_inner][vc_column_text]Le Comit\u00e9 d\u2019arbitrage des droits de la personne du Yukon (le Comit\u00e9) est un tribunal ind\u00e9pendant de la Commission des droits de la personne du Yukon et du gouvernement du Yukon. Il participe au processus de traitement des plaintes relatives aux droits de&hellip;<\/p>\n","protected":false},"author":1,"featured_media":0,"parent":0,"menu_order":24,"comment_status":"closed","ping_status":"closed","template":"","meta":{"footnotes":""},"class_list":["post-653","page","type-page","status-publish","hentry","description-off"],"yoast_head":"<!-- This site is optimized with the Yoast SEO plugin v27.5 - https:\/\/yoast.com\/product\/yoast-seo-wordpress\/ -->\n<title>Qu\u2019est-ce que le Comit\u00e9 d\u2019arbitrage des droits de la personne du Yukon? - Commission des droits de la personne du Yukon<\/title>\n<meta name=\"robots\" content=\"index, follow, max-snippet:-1, max-image-preview:large, max-video-preview:-1\" \/>\n<link rel=\"canonical\" href=\"https:\/\/yukonhumanrights.ca\/fr\/quest-ce-que-le-comite-darbitrage-des-droits-de-la-personne-du-yukon\/\" \/>\n<meta property=\"og:locale\" content=\"fr_FR\" \/>\n<meta property=\"og:type\" content=\"article\" \/>\n<meta property=\"og:title\" content=\"Qu\u2019est-ce que le Comit\u00e9 d\u2019arbitrage des droits de la personne du Yukon? - Commission des droits de la personne du Yukon\" \/>\n<meta property=\"og:description\" content=\"[vc_row][vc_column width=\u00a0\u00bb1\/6&Prime;][\/vc_column][vc_column width=\u00a0\u00bb2\/3&Prime;][\/vc_column][vc_column width=\u00a0\u00bb1\/6&Prime;][\/vc_column][\/vc_row][vc_row full_width=\u00a0\u00bbstretch_row\u00a0\u00bb bg_type=\u00a0\u00bbimage\u00a0\u00bb parallax_style=\u00a0\u00bbvcpb-default\u00a0\u00bb bg_image_new=\u00a0\u00bbid^41|url^http:\/\/yukonhumanrights.ca\/wp-content\/uploads\/2020\/09\/blue-background.jpg|caption^null|alt^null|title^blue-background|description^null\u00a0\u00bb bg_image_repeat=\u00a0\u00bbno-repeat\u00a0\u00bb bg_img_attach=\u00a0\u00bbfixed\u00a0\u00bb el_class=\u00a0\u00bbcontent-wrapper\u00a0\u00bb][vc_column][vc_row_inner el_class=\u00a0\u00bbwhite-box white-box-top\u00a0\u00bb][vc_column_inner][vc_column_text]Le Comit\u00e9 d\u2019arbitrage des droits de la personne du Yukon (le Comit\u00e9) est un tribunal ind\u00e9pendant de la Commission des droits de la personne du Yukon et du gouvernement du Yukon. Il participe au processus de traitement des plaintes relatives aux droits de&hellip;\" \/>\n<meta property=\"og:url\" content=\"https:\/\/yukonhumanrights.ca\/fr\/quest-ce-que-le-comite-darbitrage-des-droits-de-la-personne-du-yukon\/\" \/>\n<meta property=\"og:site_name\" content=\"Commission des droits de la personne du Yukon\" \/>\n<meta property=\"article:modified_time\" content=\"2020-11-19T20:52:28+00:00\" \/>\n<meta name=\"twitter:card\" content=\"summary_large_image\" \/>\n<meta name=\"twitter:label1\" content=\"Dur\u00e9e de lecture estim\u00e9e\" \/>\n\t<meta name=\"twitter:data1\" content=\"4 minutes\" \/>\n<script type=\"application\/ld+json\" class=\"yoast-schema-graph\">{\"@context\":\"https:\\\/\\\/schema.org\",\"@graph\":[{\"@type\":\"WebPage\",\"@id\":\"https:\\\/\\\/yukonhumanrights.ca\\\/fr\\\/quest-ce-que-le-comite-darbitrage-des-droits-de-la-personne-du-yukon\\\/\",\"url\":\"https:\\\/\\\/yukonhumanrights.ca\\\/fr\\\/quest-ce-que-le-comite-darbitrage-des-droits-de-la-personne-du-yukon\\\/\",\"name\":\"Qu\u2019est-ce que le Comit\u00e9 d\u2019arbitrage des droits de la personne du Yukon? - Commission des droits de la personne du Yukon\",\"isPartOf\":{\"@id\":\"https:\\\/\\\/yukonhumanrights.ca\\\/fr\\\/#website\"},\"datePublished\":\"2020-09-30T16:53:47+00:00\",\"dateModified\":\"2020-11-19T20:52:28+00:00\",\"breadcrumb\":{\"@id\":\"https:\\\/\\\/yukonhumanrights.ca\\\/fr\\\/quest-ce-que-le-comite-darbitrage-des-droits-de-la-personne-du-yukon\\\/#breadcrumb\"},\"inLanguage\":\"fr-FR\",\"potentialAction\":[{\"@type\":\"ReadAction\",\"target\":[\"https:\\\/\\\/yukonhumanrights.ca\\\/fr\\\/quest-ce-que-le-comite-darbitrage-des-droits-de-la-personne-du-yukon\\\/\"]}]},{\"@type\":\"BreadcrumbList\",\"@id\":\"https:\\\/\\\/yukonhumanrights.ca\\\/fr\\\/quest-ce-que-le-comite-darbitrage-des-droits-de-la-personne-du-yukon\\\/#breadcrumb\",\"itemListElement\":[{\"@type\":\"ListItem\",\"position\":1,\"name\":\"Home\",\"item\":\"https:\\\/\\\/yukonhumanrights.ca\\\/fr\\\/\"},{\"@type\":\"ListItem\",\"position\":2,\"name\":\"Qu\u2019est-ce que le Comit\u00e9 d\u2019arbitrage des droits de la personne du Yukon?\"}]},{\"@type\":\"WebSite\",\"@id\":\"https:\\\/\\\/yukonhumanrights.ca\\\/fr\\\/#website\",\"url\":\"https:\\\/\\\/yukonhumanrights.ca\\\/fr\\\/\",\"name\":\"Commission des droits de la personne du Yukon\",\"description\":\"\",\"potentialAction\":[{\"@type\":\"SearchAction\",\"target\":{\"@type\":\"EntryPoint\",\"urlTemplate\":\"https:\\\/\\\/yukonhumanrights.ca\\\/fr\\\/?s={search_term_string}\"},\"query-input\":{\"@type\":\"PropertyValueSpecification\",\"valueRequired\":true,\"valueName\":\"search_term_string\"}}],\"inLanguage\":\"fr-FR\"}]}<\/script>\n<!-- \/ Yoast SEO plugin. -->","yoast_head_json":{"title":"Qu\u2019est-ce que le Comit\u00e9 d\u2019arbitrage des droits de la personne du Yukon? - Commission des droits de la personne du Yukon","robots":{"index":"index","follow":"follow","max-snippet":"max-snippet:-1","max-image-preview":"max-image-preview:large","max-video-preview":"max-video-preview:-1"},"canonical":"https:\/\/yukonhumanrights.ca\/fr\/quest-ce-que-le-comite-darbitrage-des-droits-de-la-personne-du-yukon\/","og_locale":"fr_FR","og_type":"article","og_title":"Qu\u2019est-ce que le Comit\u00e9 d\u2019arbitrage des droits de la personne du Yukon? - Commission des droits de la personne du Yukon","og_description":"[vc_row][vc_column width=\u00a0\u00bb1\/6&Prime;][\/vc_column][vc_column width=\u00a0\u00bb2\/3&Prime;][\/vc_column][vc_column width=\u00a0\u00bb1\/6&Prime;][\/vc_column][\/vc_row][vc_row full_width=\u00a0\u00bbstretch_row\u00a0\u00bb bg_type=\u00a0\u00bbimage\u00a0\u00bb parallax_style=\u00a0\u00bbvcpb-default\u00a0\u00bb bg_image_new=\u00a0\u00bbid^41|url^http:\/\/yukonhumanrights.ca\/wp-content\/uploads\/2020\/09\/blue-background.jpg|caption^null|alt^null|title^blue-background|description^null\u00a0\u00bb bg_image_repeat=\u00a0\u00bbno-repeat\u00a0\u00bb bg_img_attach=\u00a0\u00bbfixed\u00a0\u00bb el_class=\u00a0\u00bbcontent-wrapper\u00a0\u00bb][vc_column][vc_row_inner el_class=\u00a0\u00bbwhite-box white-box-top\u00a0\u00bb][vc_column_inner][vc_column_text]Le Comit\u00e9 d\u2019arbitrage des droits de la personne du Yukon (le Comit\u00e9) est un tribunal ind\u00e9pendant de la Commission des droits de la personne du Yukon et du gouvernement du Yukon. Il participe au processus de traitement des plaintes relatives aux droits de&hellip;","og_url":"https:\/\/yukonhumanrights.ca\/fr\/quest-ce-que-le-comite-darbitrage-des-droits-de-la-personne-du-yukon\/","og_site_name":"Commission des droits de la personne du Yukon","article_modified_time":"2020-11-19T20:52:28+00:00","twitter_card":"summary_large_image","twitter_misc":{"Dur\u00e9e de lecture estim\u00e9e":"4 minutes"},"schema":{"@context":"https:\/\/schema.org","@graph":[{"@type":"WebPage","@id":"https:\/\/yukonhumanrights.ca\/fr\/quest-ce-que-le-comite-darbitrage-des-droits-de-la-personne-du-yukon\/","url":"https:\/\/yukonhumanrights.ca\/fr\/quest-ce-que-le-comite-darbitrage-des-droits-de-la-personne-du-yukon\/","name":"Qu\u2019est-ce que le Comit\u00e9 d\u2019arbitrage des droits de la personne du Yukon? - Commission des droits de la personne du Yukon","isPartOf":{"@id":"https:\/\/yukonhumanrights.ca\/fr\/#website"},"datePublished":"2020-09-30T16:53:47+00:00","dateModified":"2020-11-19T20:52:28+00:00","breadcrumb":{"@id":"https:\/\/yukonhumanrights.ca\/fr\/quest-ce-que-le-comite-darbitrage-des-droits-de-la-personne-du-yukon\/#breadcrumb"},"inLanguage":"fr-FR","potentialAction":[{"@type":"ReadAction","target":["https:\/\/yukonhumanrights.ca\/fr\/quest-ce-que-le-comite-darbitrage-des-droits-de-la-personne-du-yukon\/"]}]},{"@type":"BreadcrumbList","@id":"https:\/\/yukonhumanrights.ca\/fr\/quest-ce-que-le-comite-darbitrage-des-droits-de-la-personne-du-yukon\/#breadcrumb","itemListElement":[{"@type":"ListItem","position":1,"name":"Home","item":"https:\/\/yukonhumanrights.ca\/fr\/"},{"@type":"ListItem","position":2,"name":"Qu\u2019est-ce que le Comit\u00e9 d\u2019arbitrage des droits de la personne du Yukon?"}]},{"@type":"WebSite","@id":"https:\/\/yukonhumanrights.ca\/fr\/#website","url":"https:\/\/yukonhumanrights.ca\/fr\/","name":"Commission des droits de la personne du Yukon","description":"","potentialAction":[{"@type":"SearchAction","target":{"@type":"EntryPoint","urlTemplate":"https:\/\/yukonhumanrights.ca\/fr\/?s={search_term_string}"},"query-input":{"@type":"PropertyValueSpecification","valueRequired":true,"valueName":"search_term_string"}}],"inLanguage":"fr-FR"}]}},"_links":{"self":[{"href":"https:\/\/yukonhumanrights.ca\/fr\/wp-json\/wp\/v2\/pages\/653","targetHints":{"allow":["GET"]}}],"collection":[{"href":"https:\/\/yukonhumanrights.ca\/fr\/wp-json\/wp\/v2\/pages"}],"about":[{"href":"https:\/\/yukonhumanrights.ca\/fr\/wp-json\/wp\/v2\/types\/page"}],"author":[{"embeddable":true,"href":"https:\/\/yukonhumanrights.ca\/fr\/wp-json\/wp\/v2\/users\/1"}],"replies":[{"embeddable":true,"href":"https:\/\/yukonhumanrights.ca\/fr\/wp-json\/wp\/v2\/comments?post=653"}],"version-history":[{"count":4,"href":"https:\/\/yukonhumanrights.ca\/fr\/wp-json\/wp\/v2\/pages\/653\/revisions"}],"predecessor-version":[{"id":953,"href":"https:\/\/yukonhumanrights.ca\/fr\/wp-json\/wp\/v2\/pages\/653\/revisions\/953"}],"wp:attachment":[{"href":"https:\/\/yukonhumanrights.ca\/fr\/wp-json\/wp\/v2\/media?parent=653"}],"curies":[{"name":"wp","href":"https:\/\/api.w.org\/{rel}","templated":true}]}}