{"id":599,"date":"2020-09-15T14:42:42","date_gmt":"2020-09-15T21:42:42","guid":{"rendered":"http:\/\/yukonhumanrights.ca\/about-spot\/"},"modified":"2021-08-12T13:47:45","modified_gmt":"2021-08-12T20:47:45","slug":"a-propos-de-spot","status":"publish","type":"page","link":"https:\/\/yukonhumanrights.ca\/fr\/a-propos-de-spot\/","title":{"rendered":"\u00c0 Propos de Spot"},"content":{"rendered":"<div class=\"wpb-content-wrapper\"><p>[vc_row][vc_column width=\u00a0\u00bb1\/6&Prime;][\/vc_column][vc_column width=\u00a0\u00bb2\/3&Prime;]<div id=\"ultimate-heading-955369f456f2be71e\" class=\"uvc-heading ult-adjust-bottom-margin ultimate-heading-955369f456f2be71e uvc-6401 title uvc-heading-default-font-sizes\" data-hspacer=\"no_spacer\"  data-halign=\"center\" style=\"text-align:center\"><div class=\"uvc-heading-spacer no_spacer\" style=\"top\"><\/div><div class=\"uvc-main-heading ult-responsive\"  data-ultimate-target='.uvc-heading.ultimate-heading-955369f456f2be71e h1'  data-responsive-json-new='{\"font-size\":\"\",\"line-height\":\"\"}' ><h1 style=\"--font-weight:theme;\">\u00c0 Propos de Spot<\/h1><\/div><div class=\"uvc-sub-heading ult-responsive\"  data-ultimate-target='.uvc-heading.ultimate-heading-955369f456f2be71e .uvc-sub-heading '  data-responsive-json-new='{\"font-size\":\"\",\"line-height\":\"\"}'  style=\"font-weight:normal;\"><\/p>\n<div class=\"uvc-sub-heading ult-responsive\" data-ultimate-target=\".uvc-heading.ultimate-heading-47205f6255f04bf31 .uvc-sub-heading \" data-responsive-json-new=\"{&quot;font-size&quot;:&quot;&quot;,&quot;line-height&quot;:&quot;&quot;}\">\n<p>Spot est un agent conversationnel automatis\u00e9 con\u00e7u pour vous aider \u00e0 documenter les cas de harc\u00e8lement ou de discrimination. Vous pouvez l\u2019utiliser pour conserver des informations pour vous-m\u00eame, le temps de d\u00e9cider ce que vous voulez en faire. Vous pouvez aussi d\u00e9cider d\u2019envoyer vos signalements \u00e0 la Commission pour qu\u2019elle les conserve pour vous ou pour qu\u2019elle soit en mesure de r\u00e9pondre \u00e0 vos questions.<\/p>\n<\/div>\n<p><\/div><\/div>[\/vc_column][vc_column width=\u00a0\u00bb1\/6&Prime;][\/vc_column][\/vc_row][vc_row full_width=\u00a0\u00bbstretch_row\u00a0\u00bb bg_type=\u00a0\u00bbimage\u00a0\u00bb parallax_style=\u00a0\u00bbvcpb-default\u00a0\u00bb bg_image_new=\u00a0\u00bbid^41|url^http:\/\/yukonhumanrights.ca\/wp-content\/uploads\/2020\/09\/blue-background.jpg|caption^null|alt^null|title^blue-background|description^null\u00a0\u00bb bg_image_repeat=\u00a0\u00bbno-repeat\u00a0\u00bb bg_img_attach=\u00a0\u00bbfixed\u00a0\u00bb el_class=\u00a0\u00bbcontent-wrapper\u00a0\u00bb][vc_column][vc_row_inner el_class=\u00a0\u00bbwhite-box white-box-top\u00a0\u00bb][vc_column_inner][vc_column_text]<\/p>\n<h4><a href=\"https:\/\/talktospot.com\/yukonhumanrightscommission\"><img loading=\"lazy\" decoding=\"async\" class=\"alignleft wp-image-1080 size-medium\" src=\"https:\/\/yukonhumanrights.ca\/wp-content\/uploads\/2020\/12\/SpotButtonFR-300x300.png\" alt=\"\" width=\"300\" height=\"300\" srcset=\"https:\/\/yukonhumanrights.ca\/wp-content\/uploads\/2020\/12\/SpotButtonFR-300x300.png 300w, https:\/\/yukonhumanrights.ca\/wp-content\/uploads\/2020\/12\/SpotButtonFR-150x150.png 150w, https:\/\/yukonhumanrights.ca\/wp-content\/uploads\/2020\/12\/SpotButtonFR.png 400w\" sizes=\"auto, (max-width: 300px) 100vw, 300px\" \/><\/a>Spot est un service de documentation en ligne s\u00fbr et confidentiel.<\/h4>\n<p>Pour lutter contre la discrimination, la documentation est primordiale. Lorsqu\u2019un cas de discrimination est all\u00e9gu\u00e9, les circonstances pr\u00e9cises des \u00e9v\u00e9nements sont des \u00e9l\u00e9ments cruciaux qui d\u00e9cideront de l\u2019issue du cas.<\/p>\n<p>Un service de documentation s\u00fbr et confidentiel comporte de nombreux avantages. Il peut servir \u00e0\u00a0:<\/p>\n<ul>\n<li>consigner les \u00e9v\u00e9nements pour aider la personne concern\u00e9e \u00e0 se souvenir de tout;<\/li>\n<li>expliquer l\u2019incident \u00e0 d\u2019autres personnes, notamment lorsqu\u2019on d\u00e9pose une plainte;<\/li>\n<li>appuyer la d\u00e9position d\u2019un t\u00e9moin au cours d\u2019une enqu\u00eate sur des all\u00e9gations de discrimination.<\/li>\n<\/ul>\n<p>[\/vc_column_text][vc_empty_space][vc_column_text]<\/p>\n<h2>Voici comment fonctionne Spot :<\/h2>\n<ol>\n<li>Cliquez sur <a href=\"https:\/\/talktospot.com\/yukonhumanrightscommission\">le lien<\/a> pour entrer dans Spot.<\/li>\n<li>Cliquez sur \u00ab\u00a0Harc\u00e8lement et discrimination\u00a0\u00bb pour commencer \u00e0 r\u00e9diger un signalement.<\/li>\n<li>Quand le syst\u00e8me vous y invite, notez les \u00e9v\u00e9nements tels que vous vous en souvenez. Spot posera ensuite des questions sur ce que vous avez \u00e9crit et vous invitera \u00e0 ajouter des d\u00e9tails que vous pourriez avoir oubli\u00e9 de consigner.<\/li>\n<li>Relisez tout ce que vous avez \u00e9crit et apportez tous les changements que vous voulez. Vous pourrez aussi joindre des documents pertinents, si vous le d\u00e9sirez.<\/li>\n<li>Si vous voulez une copie \u00e0 conserver dans vos dossiers, demandez \u00e0 Spot de vous envoyer un PDF par courriel.<\/li>\n<li>D\u00e9cidez si vous voulez envoyer un exemplaire \u00e0 la Commission des droits de la personne du Yukon. <strong>Le document ne constitue pas une plainte relative aux droits de la personne<\/strong>, mais nous pouvons conserver le dossier pour vous, et il sera disponible si vous en avez besoin plus tard ou si vous voulez en discuter avec nous. Si vous voulez nous en parler, <strong>assurez-vous de vous souvenir du titre exact de votre document ou de son num\u00e9ro de r\u00e9f\u00e9rence<\/strong> afin que nous puissions \u00eatre certains que vous \u00eates bien la personne qui a d\u00e9pos\u00e9 le rapport. Si vous n\u2019avez pas au moins l\u2019une de ces informations, nous ne pourrons pas discuter du rapport avec vous, car nous ne pourrons pas confirmer que vous \u00eates bien la personne qui l\u2019a d\u00e9pos\u00e9. Nous pourrons quand m\u00eame discuter de tout probl\u00e8me qui vous pr\u00e9occupe, mais vous devrez peut-\u00eatre r\u00e9p\u00e9ter tout ce que vous avez d\u00e9j\u00e0 \u00e9crit dans votre rapport.<\/li>\n<\/ol>\n<p>[\/vc_column_text][\/vc_column_inner][\/vc_row_inner][\/vc_column][\/vc_row]<\/p>\n<\/div>","protected":false},"excerpt":{"rendered":"<p>[vc_row][vc_column width=\u00a0\u00bb1\/6&Prime;][\/vc_column][vc_column width=\u00a0\u00bb2\/3&Prime;][\/vc_column][vc_column width=\u00a0\u00bb1\/6&Prime;][\/vc_column][\/vc_row][vc_row full_width=\u00a0\u00bbstretch_row\u00a0\u00bb bg_type=\u00a0\u00bbimage\u00a0\u00bb parallax_style=\u00a0\u00bbvcpb-default\u00a0\u00bb bg_image_new=\u00a0\u00bbid^41|url^http:\/\/yukonhumanrights.ca\/wp-content\/uploads\/2020\/09\/blue-background.jpg|caption^null|alt^null|title^blue-background|description^null\u00a0\u00bb bg_image_repeat=\u00a0\u00bbno-repeat\u00a0\u00bb bg_img_attach=\u00a0\u00bbfixed\u00a0\u00bb el_class=\u00a0\u00bbcontent-wrapper\u00a0\u00bb][vc_column][vc_row_inner el_class=\u00a0\u00bbwhite-box white-box-top\u00a0\u00bb][vc_column_inner][vc_column_text] Spot est un service de documentation en ligne s\u00fbr et confidentiel. Pour lutter contre la discrimination, la documentation est primordiale. Lorsqu\u2019un cas de discrimination est all\u00e9gu\u00e9, les circonstances pr\u00e9cises des \u00e9v\u00e9nements sont des \u00e9l\u00e9ments cruciaux qui d\u00e9cideront de l\u2019issue du cas. Un&hellip;<\/p>\n","protected":false},"author":1,"featured_media":0,"parent":0,"menu_order":14,"comment_status":"closed","ping_status":"closed","template":"","meta":{"footnotes":""},"class_list":["post-599","page","type-page","status-publish","hentry","description-off"],"yoast_head":"<!-- This site is optimized with the Yoast SEO plugin v27.5 - https:\/\/yoast.com\/product\/yoast-seo-wordpress\/ -->\n<title>\u00c0 Propos de Spot - Commission des droits de la personne du Yukon<\/title>\n<meta name=\"robots\" content=\"index, follow, max-snippet:-1, max-image-preview:large, max-video-preview:-1\" \/>\n<link rel=\"canonical\" href=\"https:\/\/yukonhumanrights.ca\/fr\/a-propos-de-spot\/\" \/>\n<meta property=\"og:locale\" content=\"fr_FR\" \/>\n<meta property=\"og:type\" content=\"article\" \/>\n<meta property=\"og:title\" content=\"\u00c0 Propos de Spot - Commission des droits de la personne du Yukon\" \/>\n<meta property=\"og:description\" content=\"[vc_row][vc_column width=\u00a0\u00bb1\/6&Prime;][\/vc_column][vc_column width=\u00a0\u00bb2\/3&Prime;][\/vc_column][vc_column width=\u00a0\u00bb1\/6&Prime;][\/vc_column][\/vc_row][vc_row full_width=\u00a0\u00bbstretch_row\u00a0\u00bb bg_type=\u00a0\u00bbimage\u00a0\u00bb parallax_style=\u00a0\u00bbvcpb-default\u00a0\u00bb bg_image_new=\u00a0\u00bbid^41|url^http:\/\/yukonhumanrights.ca\/wp-content\/uploads\/2020\/09\/blue-background.jpg|caption^null|alt^null|title^blue-background|description^null\u00a0\u00bb bg_image_repeat=\u00a0\u00bbno-repeat\u00a0\u00bb bg_img_attach=\u00a0\u00bbfixed\u00a0\u00bb el_class=\u00a0\u00bbcontent-wrapper\u00a0\u00bb][vc_column][vc_row_inner el_class=\u00a0\u00bbwhite-box white-box-top\u00a0\u00bb][vc_column_inner][vc_column_text] Spot est un service de documentation en ligne s\u00fbr et confidentiel. Pour lutter contre la discrimination, la documentation est primordiale. Lorsqu\u2019un cas de discrimination est all\u00e9gu\u00e9, les circonstances pr\u00e9cises des \u00e9v\u00e9nements sont des \u00e9l\u00e9ments cruciaux qui d\u00e9cideront de l\u2019issue du cas. Un&hellip;\" \/>\n<meta property=\"og:url\" content=\"https:\/\/yukonhumanrights.ca\/fr\/a-propos-de-spot\/\" \/>\n<meta property=\"og:site_name\" content=\"Commission des droits de la personne du Yukon\" \/>\n<meta property=\"article:modified_time\" content=\"2021-08-12T20:47:45+00:00\" \/>\n<meta property=\"og:image\" content=\"https:\/\/yukonhumanrights.ca\/wp-content\/uploads\/2020\/12\/SpotButtonFR-300x300.png\" \/>\n<meta name=\"twitter:card\" content=\"summary_large_image\" \/>\n<meta name=\"twitter:label1\" content=\"Dur\u00e9e de lecture estim\u00e9e\" \/>\n\t<meta name=\"twitter:data1\" content=\"3 minutes\" \/>\n<script type=\"application\/ld+json\" class=\"yoast-schema-graph\">{\"@context\":\"https:\\\/\\\/schema.org\",\"@graph\":[{\"@type\":\"WebPage\",\"@id\":\"https:\\\/\\\/yukonhumanrights.ca\\\/fr\\\/a-propos-de-spot\\\/\",\"url\":\"https:\\\/\\\/yukonhumanrights.ca\\\/fr\\\/a-propos-de-spot\\\/\",\"name\":\"\u00c0 Propos de Spot - Commission des droits de la personne du Yukon\",\"isPartOf\":{\"@id\":\"https:\\\/\\\/yukonhumanrights.ca\\\/fr\\\/#website\"},\"primaryImageOfPage\":{\"@id\":\"https:\\\/\\\/yukonhumanrights.ca\\\/fr\\\/a-propos-de-spot\\\/#primaryimage\"},\"image\":{\"@id\":\"https:\\\/\\\/yukonhumanrights.ca\\\/fr\\\/a-propos-de-spot\\\/#primaryimage\"},\"thumbnailUrl\":\"https:\\\/\\\/yukonhumanrights.ca\\\/wp-content\\\/uploads\\\/2020\\\/12\\\/SpotButtonFR-300x300.png\",\"datePublished\":\"2020-09-15T21:42:42+00:00\",\"dateModified\":\"2021-08-12T20:47:45+00:00\",\"breadcrumb\":{\"@id\":\"https:\\\/\\\/yukonhumanrights.ca\\\/fr\\\/a-propos-de-spot\\\/#breadcrumb\"},\"inLanguage\":\"fr-FR\",\"potentialAction\":[{\"@type\":\"ReadAction\",\"target\":[\"https:\\\/\\\/yukonhumanrights.ca\\\/fr\\\/a-propos-de-spot\\\/\"]}]},{\"@type\":\"ImageObject\",\"inLanguage\":\"fr-FR\",\"@id\":\"https:\\\/\\\/yukonhumanrights.ca\\\/fr\\\/a-propos-de-spot\\\/#primaryimage\",\"url\":\"https:\\\/\\\/yukonhumanrights.ca\\\/wp-content\\\/uploads\\\/2020\\\/12\\\/SpotButtonFR-300x300.png\",\"contentUrl\":\"https:\\\/\\\/yukonhumanrights.ca\\\/wp-content\\\/uploads\\\/2020\\\/12\\\/SpotButtonFR-300x300.png\"},{\"@type\":\"BreadcrumbList\",\"@id\":\"https:\\\/\\\/yukonhumanrights.ca\\\/fr\\\/a-propos-de-spot\\\/#breadcrumb\",\"itemListElement\":[{\"@type\":\"ListItem\",\"position\":1,\"name\":\"Home\",\"item\":\"https:\\\/\\\/yukonhumanrights.ca\\\/fr\\\/\"},{\"@type\":\"ListItem\",\"position\":2,\"name\":\"\u00c0 Propos de Spot\"}]},{\"@type\":\"WebSite\",\"@id\":\"https:\\\/\\\/yukonhumanrights.ca\\\/fr\\\/#website\",\"url\":\"https:\\\/\\\/yukonhumanrights.ca\\\/fr\\\/\",\"name\":\"Commission des droits de la personne du Yukon\",\"description\":\"\",\"potentialAction\":[{\"@type\":\"SearchAction\",\"target\":{\"@type\":\"EntryPoint\",\"urlTemplate\":\"https:\\\/\\\/yukonhumanrights.ca\\\/fr\\\/?s={search_term_string}\"},\"query-input\":{\"@type\":\"PropertyValueSpecification\",\"valueRequired\":true,\"valueName\":\"search_term_string\"}}],\"inLanguage\":\"fr-FR\"}]}<\/script>\n<!-- \/ Yoast SEO plugin. -->","yoast_head_json":{"title":"\u00c0 Propos de Spot - Commission des droits de la personne du Yukon","robots":{"index":"index","follow":"follow","max-snippet":"max-snippet:-1","max-image-preview":"max-image-preview:large","max-video-preview":"max-video-preview:-1"},"canonical":"https:\/\/yukonhumanrights.ca\/fr\/a-propos-de-spot\/","og_locale":"fr_FR","og_type":"article","og_title":"\u00c0 Propos de Spot - Commission des droits de la personne du Yukon","og_description":"[vc_row][vc_column width=\u00a0\u00bb1\/6&Prime;][\/vc_column][vc_column width=\u00a0\u00bb2\/3&Prime;][\/vc_column][vc_column width=\u00a0\u00bb1\/6&Prime;][\/vc_column][\/vc_row][vc_row full_width=\u00a0\u00bbstretch_row\u00a0\u00bb bg_type=\u00a0\u00bbimage\u00a0\u00bb parallax_style=\u00a0\u00bbvcpb-default\u00a0\u00bb bg_image_new=\u00a0\u00bbid^41|url^http:\/\/yukonhumanrights.ca\/wp-content\/uploads\/2020\/09\/blue-background.jpg|caption^null|alt^null|title^blue-background|description^null\u00a0\u00bb bg_image_repeat=\u00a0\u00bbno-repeat\u00a0\u00bb bg_img_attach=\u00a0\u00bbfixed\u00a0\u00bb el_class=\u00a0\u00bbcontent-wrapper\u00a0\u00bb][vc_column][vc_row_inner el_class=\u00a0\u00bbwhite-box white-box-top\u00a0\u00bb][vc_column_inner][vc_column_text] Spot est un service de documentation en ligne s\u00fbr et confidentiel. Pour lutter contre la discrimination, la documentation est primordiale. Lorsqu\u2019un cas de discrimination est all\u00e9gu\u00e9, les circonstances pr\u00e9cises des \u00e9v\u00e9nements sont des \u00e9l\u00e9ments cruciaux qui d\u00e9cideront de l\u2019issue du cas. Un&hellip;","og_url":"https:\/\/yukonhumanrights.ca\/fr\/a-propos-de-spot\/","og_site_name":"Commission des droits de la personne du Yukon","article_modified_time":"2021-08-12T20:47:45+00:00","og_image":[{"url":"https:\/\/yukonhumanrights.ca\/wp-content\/uploads\/2020\/12\/SpotButtonFR-300x300.png","type":"","width":"","height":""}],"twitter_card":"summary_large_image","twitter_misc":{"Dur\u00e9e de lecture estim\u00e9e":"3 minutes"},"schema":{"@context":"https:\/\/schema.org","@graph":[{"@type":"WebPage","@id":"https:\/\/yukonhumanrights.ca\/fr\/a-propos-de-spot\/","url":"https:\/\/yukonhumanrights.ca\/fr\/a-propos-de-spot\/","name":"\u00c0 Propos de Spot - Commission des droits de la personne du Yukon","isPartOf":{"@id":"https:\/\/yukonhumanrights.ca\/fr\/#website"},"primaryImageOfPage":{"@id":"https:\/\/yukonhumanrights.ca\/fr\/a-propos-de-spot\/#primaryimage"},"image":{"@id":"https:\/\/yukonhumanrights.ca\/fr\/a-propos-de-spot\/#primaryimage"},"thumbnailUrl":"https:\/\/yukonhumanrights.ca\/wp-content\/uploads\/2020\/12\/SpotButtonFR-300x300.png","datePublished":"2020-09-15T21:42:42+00:00","dateModified":"2021-08-12T20:47:45+00:00","breadcrumb":{"@id":"https:\/\/yukonhumanrights.ca\/fr\/a-propos-de-spot\/#breadcrumb"},"inLanguage":"fr-FR","potentialAction":[{"@type":"ReadAction","target":["https:\/\/yukonhumanrights.ca\/fr\/a-propos-de-spot\/"]}]},{"@type":"ImageObject","inLanguage":"fr-FR","@id":"https:\/\/yukonhumanrights.ca\/fr\/a-propos-de-spot\/#primaryimage","url":"https:\/\/yukonhumanrights.ca\/wp-content\/uploads\/2020\/12\/SpotButtonFR-300x300.png","contentUrl":"https:\/\/yukonhumanrights.ca\/wp-content\/uploads\/2020\/12\/SpotButtonFR-300x300.png"},{"@type":"BreadcrumbList","@id":"https:\/\/yukonhumanrights.ca\/fr\/a-propos-de-spot\/#breadcrumb","itemListElement":[{"@type":"ListItem","position":1,"name":"Home","item":"https:\/\/yukonhumanrights.ca\/fr\/"},{"@type":"ListItem","position":2,"name":"\u00c0 Propos de Spot"}]},{"@type":"WebSite","@id":"https:\/\/yukonhumanrights.ca\/fr\/#website","url":"https:\/\/yukonhumanrights.ca\/fr\/","name":"Commission des droits de la personne du Yukon","description":"","potentialAction":[{"@type":"SearchAction","target":{"@type":"EntryPoint","urlTemplate":"https:\/\/yukonhumanrights.ca\/fr\/?s={search_term_string}"},"query-input":{"@type":"PropertyValueSpecification","valueRequired":true,"valueName":"search_term_string"}}],"inLanguage":"fr-FR"}]}},"_links":{"self":[{"href":"https:\/\/yukonhumanrights.ca\/fr\/wp-json\/wp\/v2\/pages\/599","targetHints":{"allow":["GET"]}}],"collection":[{"href":"https:\/\/yukonhumanrights.ca\/fr\/wp-json\/wp\/v2\/pages"}],"about":[{"href":"https:\/\/yukonhumanrights.ca\/fr\/wp-json\/wp\/v2\/types\/page"}],"author":[{"embeddable":true,"href":"https:\/\/yukonhumanrights.ca\/fr\/wp-json\/wp\/v2\/users\/1"}],"replies":[{"embeddable":true,"href":"https:\/\/yukonhumanrights.ca\/fr\/wp-json\/wp\/v2\/comments?post=599"}],"version-history":[{"count":8,"href":"https:\/\/yukonhumanrights.ca\/fr\/wp-json\/wp\/v2\/pages\/599\/revisions"}],"predecessor-version":[{"id":2035,"href":"https:\/\/yukonhumanrights.ca\/fr\/wp-json\/wp\/v2\/pages\/599\/revisions\/2035"}],"wp:attachment":[{"href":"https:\/\/yukonhumanrights.ca\/fr\/wp-json\/wp\/v2\/media?parent=599"}],"curies":[{"name":"wp","href":"https:\/\/api.w.org\/{rel}","templated":true}]}}