{"id":2078,"date":"2021-08-25T15:04:26","date_gmt":"2021-08-25T22:04:26","guid":{"rendered":"https:\/\/yukonhumanrights.ca\/?page_id=2078"},"modified":"2021-08-25T15:04:26","modified_gmt":"2021-08-25T22:04:26","slug":"ressources","status":"publish","type":"page","link":"https:\/\/yukonhumanrights.ca\/fr\/ressources\/","title":{"rendered":"Ressources"},"content":{"rendered":"<div class=\"wpb-content-wrapper\"><p>[vc_row][vc_column width=\u00a0\u00bb1\/6&Prime;][\/vc_column][vc_column width=\u00a0\u00bb2\/3&Prime;]<div id=\"ultimate-heading-553469f26abb13920\" class=\"uvc-heading ult-adjust-bottom-margin ultimate-heading-553469f26abb13920 uvc-7027 title uvc-heading-default-font-sizes\" data-hspacer=\"no_spacer\"  data-halign=\"center\" style=\"text-align:center\"><div class=\"uvc-heading-spacer no_spacer\" style=\"top\"><\/div><div class=\"uvc-main-heading ult-responsive\"  data-ultimate-target='.uvc-heading.ultimate-heading-553469f26abb13920 h1'  data-responsive-json-new='{\"font-size\":\"\",\"line-height\":\"\"}' ><h1 style=\"--font-weight:theme;\">Ressources<\/h1><\/div><div class=\"uvc-sub-heading ult-responsive\"  data-ultimate-target='.uvc-heading.ultimate-heading-553469f26abb13920 .uvc-sub-heading '  data-responsive-json-new='{\"font-size\":\"\",\"line-height\":\"\"}'  style=\"font-weight:normal;\">Les liens m\u00e8nent vers du contenu d\u2019int\u00e9r\u00eat g\u00e9n\u00e9ral sur les droits de la personne. La Commission n\u2019approuve ni ne garantit l\u2019exactitude du contenu des sites en question.<\/div><\/div>[\/vc_column][vc_column width=\u00a0\u00bb1\/6&Prime;][\/vc_column][\/vc_row][vc_row full_width=\u00a0\u00bbstretch_row\u00a0\u00bb bg_type=\u00a0\u00bbimage\u00a0\u00bb parallax_style=\u00a0\u00bbvcpb-default\u00a0\u00bb bg_image_new=\u00a0\u00bbid^41|url^http:\/\/yukonhumanrights.ca\/wp-content\/uploads\/2020\/09\/blue-background.jpg|caption^null|alt^null|title^blue-background|description^null\u00a0\u00bb bg_image_repeat=\u00a0\u00bbno-repeat\u00a0\u00bb bg_img_attach=\u00a0\u00bbfixed\u00a0\u00bb el_class=\u00a0\u00bbcontent-wrapper\u00a0\u00bb][vc_column][vc_row_inner el_class=\u00a0\u00bbwhite-box white-box-top\u00a0\u00bb][vc_column_inner][vc_column_text]<\/p>\n<h2>Ressources<\/h2>\n<p>La Commission des droits de la personne du Yukon peut fournir sur demande des ressources et du mat\u00e9riel informatif et pratique \u00e0 des particuliers, des groupes, des organismes et des \u00e9coles.<\/p>\n<p>Si vous ne trouvez pas une ressource que vous cherchez, n\u2019h\u00e9sitez pas \u00e0 nous t\u00e9l\u00e9phoner, \u00e0 nous envoyer un courriel ou \u00e0\u00a0<a role=\"link\" href=\"https:\/\/yukonhumanrights.ca\/fr\/renseignements\/\">passer \u00e0 nos bureaux<\/a>.<\/p>\n<div class=\"wpb_text_column wpb_content_element \">\n<div class=\"wpb_wrapper\">\n<h2>Commissions des droits de la personne au Canada<\/h2>\n<p>Le Nunavut n\u2019a pas de commission des droits de la personne.<\/p>\n<ul>\n<li><a role=\"link\" href=\"http:\/\/www.albertahumanrights.ab.ca\/\" target=\"_blank\" rel=\"noopener noreferrer\">Alberta<\/a><\/li>\n<li><a role=\"link\" href=\"https:\/\/bchumanrights.ca\/\" target=\"_blank\" rel=\"noopener noreferrer\">Colombie-Britannique<\/a><\/li>\n<li><a role=\"link\" href=\"https:\/\/www.chrc-ccdp.gc.ca\/fra\" target=\"_blank\" rel=\"noopener noreferrer\">Commission canadienne des droits de la personne<\/a><\/li>\n<li><a role=\"link\" href=\"https:\/\/manitobahumanrights.ca\/v1\/index.fr.html\" target=\"_blank\" rel=\"noopener noreferrer\">Manitoba<\/a><\/li>\n<li><a role=\"link\" href=\"https:\/\/www2.gnb.ca\/content\/gnb\/fr\/ministeres\/cdpnb.html\" target=\"_blank\" rel=\"noopener noreferrer\">Nouveau-Brunswick<\/a><\/li>\n<li><a role=\"link\" href=\"https:\/\/thinkhumanrights.ca\/\" target=\"_blank\" rel=\"noopener noreferrer\">Terre-Neuve-et-Labrador<\/a><\/li>\n<li><a role=\"link\" href=\"http:\/\/nwthumanrights.ca\/?lang=fr\" target=\"_blank\" rel=\"noopener noreferrer\">Territoires du Nord-Ouest<\/a><\/li>\n<li><a role=\"link\" href=\"https:\/\/humanrights.novascotia.ca\/\" target=\"_blank\" rel=\"noopener noreferrer\">Nouvelle-\u00c9cosse<\/a><\/li>\n<li><a role=\"link\" href=\"http:\/\/www.ohrc.on.ca\/fr\" target=\"_blank\" rel=\"noopener noreferrer\">Ontario<\/a><\/li>\n<li><a role=\"link\" href=\"http:\/\/www.gov.pe.ca\/humanrights\/index.php3?number=72187&amp;lang=F\" target=\"_blank\" rel=\"noopener noreferrer\">\u00cele-du-Prince-\u00c9douard<\/a><\/li>\n<li><a role=\"link\" href=\"http:\/\/www.cdpdj.qc.ca\/fr\/Pages\/default.aspx\" target=\"_blank\" rel=\"noopener noreferrer\">Qu\u00e9bec<\/a><\/li>\n<li><a role=\"link\" href=\"http:\/\/saskatchewanhumanrights.ca\/\" target=\"_blank\" rel=\"noopener noreferrer\">Saskatchewan<\/a><\/li>\n<li><a role=\"link\" href=\"https:\/\/www.yukonhumanrights.ca\/\" target=\"_blank\" rel=\"noopener noreferrer\">Yukon<\/a><\/li>\n<\/ul>\n<\/div>\n<\/div>\n<div class=\"wpb_text_column wpb_content_element \">\n<div class=\"wpb_wrapper\">\n<h2>Tribunaux des droits de la personne au Canada<\/h2>\n<p>Les tribunaux des droits de la personne sont des organisations distinctes et ind\u00e9pendantes des commissions.<\/p>\n<ul>\n<li><a role=\"link\" href=\"https:\/\/www.albertahumanrights.ab.ca\/tribunal_process\/Pages\/tribunal_process.aspx\" target=\"_blank\" rel=\"noopener noreferrer\">Tribunal des droits de la personne de l\u2019Alberta<\/a>\u00a0(organe distinct et ind\u00e9pendant de la Commission des droits de la personne de l\u2019Alberta)<\/li>\n<li><a role=\"link\" href=\"http:\/\/www.bchrt.gov.bc.ca\/\" target=\"_blank\" rel=\"noopener noreferrer\">Tribunal des droits de la personne de la Colombie-Britannique<\/a><\/li>\n<li><a role=\"link\" href=\"https:\/\/www.chrt-tcdp.gc.ca\/index-fr.html\" target=\"_blank\" rel=\"noopener noreferrer\">Tribunal canadien des droits de la personne<\/a><\/li>\n<li><a role=\"link\" href=\"https:\/\/hrap.nt.ca\/fr\/\" target=\"_blank\" rel=\"noopener noreferrer\">Tribunal d\u2019arbitrage des droits de la personne des Territoires du Nord-Ouest<\/a><\/li>\n<li><a role=\"link\" href=\"http:\/\/www.nhrt.ca\/french\/general_information\" target=\"_blank\" rel=\"noopener noreferrer\">Tribunal des droits de la personne du Nunavut<\/a><\/li>\n<li><a role=\"link\" href=\"http:\/\/tribunalsontario.ca\/tdpo\/\" target=\"_blank\" rel=\"noopener noreferrer\">Tribunal des droits de la personne de l\u2019Ontario<\/a><\/li>\n<li><a role=\"link\" href=\"http:\/\/www.tribunaux.qc.ca\/TDP\/index-tdp.html\" target=\"_blank\" rel=\"noopener noreferrer\">Tribunal des droits de la personne du Qu\u00e9bec<\/a><\/li>\n<li><a role=\"link\" href=\"https:\/\/yhrpa.ca\/\" target=\"_blank\" rel=\"noopener noreferrer\">Comit\u00e9 d\u2019arbitrage des droits de la personne du Yukon<\/a><\/li>\n<\/ul>\n<\/div>\n<\/div>\n<div class=\"wpb_text_column wpb_content_element \">\n<div class=\"wpb_wrapper\">\n<h2>Liens utiles<\/h2>\n<h3>Ressources en mati\u00e8re de droits de la personne<\/h3>\n<ul>\n<li><a role=\"link\" href=\"http:\/\/www.gov.yk.ca\/legislation\/acts\/huri_c.pdf\" target=\"_blank\" rel=\"noopener noreferrer\"><em>Loi sur les droits de la personne<\/em>\u00a0(Yukon)<\/a><\/li>\n<li><a role=\"link\" href=\"http:\/\/www.gov.yk.ca\/legislation\/regs\/oic1988_170.pdf\" target=\"_blank\" rel=\"noopener noreferrer\"><em>R\u00e8glement concernant les droits de la personne<\/em>\u00a0(Yukon)<\/a><\/li>\n<li><a role=\"link\" href=\"https:\/\/www.cdn-hr-reporter.ca\/frontpage\" target=\"_blank\" rel=\"noopener noreferrer\">Canadian Human Rights Reporter<\/a><\/li>\n<li><a role=\"link\" href=\"https:\/\/www.canlii.org\/fr\/\" target=\"_blank\" rel=\"noopener noreferrer\">Institut canadien d\u2019information juridique (CanLII)<\/a><\/li>\n<li><em><a role=\"link\" href=\"https:\/\/laws-lois.justice.gc.ca\/fra\/const\/page-15.html\" target=\"_blank\" rel=\"noopener noreferrer\">Charte canadienne des droits et libert\u00e9s<\/a><\/em><\/li>\n<li><a role=\"link\" href=\"https:\/\/www.un.org\/fr\/universal-declaration-human-rights\/index.html\" target=\"_blank\" rel=\"noopener noreferrer\"><em>D\u00e9claration universelle des droits de l\u2019Homme<\/em><\/a><\/li>\n<li><a role=\"link\" href=\"https:\/\/humanrightswebsite.com\/#Bienvenue\" target=\"_blank\" rel=\"noopener noreferrer\">Site Web de recherche \u00ab\u00a0Comparatif des droits de la personne\u00a0\u00bb<\/a><\/li>\n<li><a role=\"link\" href=\"https:\/\/ccla.org\/fr\/liens-utiles-et-ressources-concernant-la-discrimination-fondee-sur-le-handicap-ou-la-sante-mentale\/\" target=\"_blank\" rel=\"noopener noreferrer\">Liens et ressources utiles concernant la discrimination fond\u00e9e sur le handicap ou la sant\u00e9 mentale de l\u2019Association canadienne des libert\u00e9s civiles (ACLC)<\/a><\/li>\n<li><a role=\"link\" href=\"https:\/\/www.canada.ca\/fr\/services\/culture\/identite-canadienne-societe\/droits-personne.html\" target=\"_blank\" rel=\"noopener noreferrer\">Ressources du gouvernement du Canada pour comprendre les droits de la personne au Canada et dans le monde<\/a><\/li>\n<li><a role=\"link\" href=\"https:\/\/historyofrights.ca\/\" target=\"_blank\" rel=\"noopener noreferrer\">Canada\u2019s Human Rights History<\/a><\/li>\n<li><a role=\"link\" href=\"https:\/\/www.crrf-fcrr.ca\/fr\/\" target=\"_blank\" rel=\"noopener noreferrer\">Fondation canadienne des relations raciales<\/a><\/li>\n<li><a role=\"link\" href=\"https:\/\/cdp-hrc.uottawa.ca\/fr?lang=en\" target=\"_blank\" rel=\"noopener noreferrer\">Centre de recherche et d\u2019enseignement sur les droits de la personne<\/a><\/li>\n<li><a role=\"link\" href=\"http:\/\/hrlibrary.umn.edu\/Findex.html\" target=\"_blank\" rel=\"noopener noreferrer\">Biblioth\u00e8que des droits humains de l\u2019Universit\u00e9 du Minnesota<\/a><\/li>\n<\/ul>\n<h3>Services juridiques<\/h3>\n<ul>\n<li><a role=\"link\" href=\"https:\/\/yukon.ca\/fr\/services-aux-victimes\" target=\"_blank\" rel=\"noopener noreferrer\">Services aux victimes<\/a><\/li>\n<li><a role=\"link\" href=\"https:\/\/legalaid.yk.ca\/\" target=\"_blank\" rel=\"noopener noreferrer\">Soci\u00e9t\u00e9 d\u2019aide juridique du Yukon<\/a><\/li>\n<li><a role=\"link\" href=\"https:\/\/yplea.com\/about-2\/law-line2\/\" target=\"_blank\" rel=\"noopener noreferrer\">Law Line<\/a><\/li>\n<li><a role=\"link\" href=\"https:\/\/lawsocietyyukon.com\/for-the-public\/meet-with-a-lawyer-certificate-program\/\" target=\"_blank\" rel=\"noopener noreferrer\">Law Society of Yukon Lawyer Certificate Program<\/a><\/li>\n<li><a role=\"link\" href=\"https:\/\/yukon.ca\/fr\/places\/centre-dinformation-sur-le-droit-de-la-famille-cidf\" target=\"_blank\" rel=\"noopener noreferrer\">Centre d\u2019information sur le droit de la famille<\/a><\/li>\n<li><a role=\"link\" href=\"https:\/\/cyfn.ca\/services\/justice-programs\/\" target=\"_blank\" rel=\"noopener noreferrer\">Council of Yukon First Nations Justice Programs<\/a><\/li>\n<li><a role=\"link\" href=\"https:\/\/yukoncourts.ca\/fr\" target=\"_blank\" rel=\"noopener noreferrer\">Tribunaux du Yukon<\/a><\/li>\n<\/ul>\n<h3>Ressources sp\u00e9cifiques \u00e0 l\u2019emploi<\/h3>\n<ul>\n<li><a role=\"link\" href=\"http:\/\/www.gov.yk.ca\/legislation\/acts\/emst_c.pdf\" target=\"_blank\" rel=\"noopener noreferrer\"><em>Loi sur les normes d\u2019emploi<\/em><\/a><\/li>\n<li><a role=\"link\" href=\"http:\/\/xn--rglements%20sur%20les%20normes%20demploi-4qd71564a\/\" target=\"_blank\" rel=\"noopener noreferrer\"><em>R\u00e8glements sur les normes d\u2019emploi<\/em><\/a><\/li>\n<li><a role=\"link\" href=\"http:\/\/xn--loi%20et%20rglements%20sur%20la%20sant%20et%20la%20scurit%20au%20travail-jhg4hof\/\" target=\"_blank\" rel=\"noopener noreferrer\"><em>Loi et r\u00e8glements sur la sant\u00e9 et la s\u00e9curit\u00e9 au travail<\/em><\/a><\/li>\n<li><a role=\"link\" href=\"https:\/\/cashra.ca\/shop\/un-espace-sur-pour-un-environnement-de-travail-positif\/\" target=\"_blank\" rel=\"noopener noreferrer\">Cours en ligne \u00ab\u00a0Pour des milieux de vie plus s\u00fbrs\u00a0\u00bb<\/a><\/li>\n<\/ul>\n<h3>Ressources sp\u00e9cifiques pour les locataires<\/h3>\n<ul>\n<li><a role=\"link\" href=\"http:\/\/www.gov.yk.ca\/legislation\/acts\/rlta_c.pdf\" target=\"_blank\" rel=\"noopener noreferrer\"><em>Loi sur les rapports entre locateurs et locataires en mati\u00e8re r\u00e9sidentielle<\/em><\/a><\/li>\n<li><a role=\"link\" href=\"http:\/\/www.gov.yk.ca\/legislation\/regs\/oic2015_193.pdf\" target=\"_blank\" rel=\"noopener noreferrer\"><em>R\u00e8glement sur la location r\u00e9sidentielle<\/em><\/a><\/li>\n<li><a role=\"link\" href=\"https:\/\/yukon.ca\/fr\/residential-landlord-and-tenant-handbook\" target=\"_blank\" rel=\"noopener noreferrer\">Guide d\u2019interpr\u00e9tation de la\u00a0<em>Loi sur les rapports entre locateurs et locataires en mati\u00e8re r\u00e9sidentielle<\/em><\/a><\/li>\n<\/ul>\n<h3>Ressources sp\u00e9cifiques aux emplois de service<\/h3>\n<ul>\n<li><a role=\"link\" href=\"https:\/\/cashra.ca\/shop\/un-excellent-service-pour-toute-la-clientele\/\" target=\"_blank\" rel=\"noopener noreferrer\">Cours en ligne \u00ab\u00a0Un excellent service pour toute la client\u00e8le\u00a0\u00bb<\/a><\/li>\n<\/ul>\n<\/div>\n<\/div>\n<h3>Ressources sur le harc\u00e8lement sexuel en milieu de travail<\/h3>\n<ul>\n<li><a role=\"link\" href=\"https:\/\/yukonhumanrights.ca\/fr\/a-propos-du-harcelement-sexuel-au-travail\/\" target=\"_blank\" rel=\"noopener noreferrer\">\u00c0 propos du harc\u00e8lement sexuel au travail<\/a><\/li>\n<li>Plus d\u2019information \u00e0 venir sous peu!\u00a0<a role=\"link\" href=\"https:\/\/yukonhumanrights.ca\/fr\/renseignements\/\"><u>Contactez-nous<\/u><\/a>\u00a0si vous cherchez quelque chose en particulier.<\/li>\n<\/ul>\n<p>[\/vc_column_text][\/vc_column_inner][\/vc_row_inner][\/vc_column][\/vc_row]<\/p>\n<\/div>","protected":false},"excerpt":{"rendered":"<p>[vc_row][vc_column width=\u00a0\u00bb1\/6&Prime;][\/vc_column][vc_column width=\u00a0\u00bb2\/3&Prime;][\/vc_column][vc_column width=\u00a0\u00bb1\/6&Prime;][\/vc_column][\/vc_row][vc_row full_width=\u00a0\u00bbstretch_row\u00a0\u00bb bg_type=\u00a0\u00bbimage\u00a0\u00bb parallax_style=\u00a0\u00bbvcpb-default\u00a0\u00bb bg_image_new=\u00a0\u00bbid^41|url^http:\/\/yukonhumanrights.ca\/wp-content\/uploads\/2020\/09\/blue-background.jpg|caption^null|alt^null|title^blue-background|description^null\u00a0\u00bb bg_image_repeat=\u00a0\u00bbno-repeat\u00a0\u00bb bg_img_attach=\u00a0\u00bbfixed\u00a0\u00bb el_class=\u00a0\u00bbcontent-wrapper\u00a0\u00bb][vc_column][vc_row_inner el_class=\u00a0\u00bbwhite-box white-box-top\u00a0\u00bb][vc_column_inner][vc_column_text] Ressources La Commission des droits de la personne du Yukon peut fournir sur demande des ressources et du mat\u00e9riel informatif et pratique \u00e0 des particuliers, des groupes, des organismes et des \u00e9coles. Si vous ne trouvez pas une ressource que vous cherchez,&hellip;<\/p>\n","protected":false},"author":4,"featured_media":0,"parent":0,"menu_order":41,"comment_status":"closed","ping_status":"closed","template":"","meta":{"footnotes":""},"class_list":["post-2078","page","type-page","status-publish","hentry","description-off"],"yoast_head":"<!-- This site is optimized with the Yoast SEO plugin v27.5 - https:\/\/yoast.com\/product\/yoast-seo-wordpress\/ -->\n<title>Ressources - Commission des droits de la personne du Yukon<\/title>\n<meta name=\"description\" content=\"Les liens m\u00e8nent vers du contenu d\u2019int\u00e9r\u00eat g\u00e9n\u00e9ral sur les droits de la personne. La Commission n\u2019approuve ni ne garantit l\u2019exactitude du contenu des sites en question.\" \/>\n<meta name=\"robots\" content=\"index, follow, max-snippet:-1, max-image-preview:large, max-video-preview:-1\" \/>\n<link rel=\"canonical\" href=\"https:\/\/yukonhumanrights.ca\/fr\/ressources\/\" \/>\n<meta property=\"og:locale\" content=\"fr_FR\" \/>\n<meta property=\"og:type\" content=\"article\" \/>\n<meta property=\"og:title\" content=\"Ressources - Commission des droits de la personne du Yukon\" \/>\n<meta property=\"og:description\" content=\"Les liens m\u00e8nent vers du contenu d\u2019int\u00e9r\u00eat g\u00e9n\u00e9ral sur les droits de la personne. La Commission n\u2019approuve ni ne garantit l\u2019exactitude du contenu des sites en question.\" \/>\n<meta property=\"og:url\" content=\"https:\/\/yukonhumanrights.ca\/fr\/ressources\/\" \/>\n<meta property=\"og:site_name\" content=\"Commission des droits de la personne du Yukon\" \/>\n<meta name=\"twitter:card\" content=\"summary_large_image\" \/>\n<meta name=\"twitter:label1\" content=\"Dur\u00e9e de lecture estim\u00e9e\" \/>\n\t<meta name=\"twitter:data1\" content=\"3 minutes\" \/>\n<script type=\"application\/ld+json\" class=\"yoast-schema-graph\">{\"@context\":\"https:\\\/\\\/schema.org\",\"@graph\":[{\"@type\":\"WebPage\",\"@id\":\"https:\\\/\\\/yukonhumanrights.ca\\\/fr\\\/ressources\\\/\",\"url\":\"https:\\\/\\\/yukonhumanrights.ca\\\/fr\\\/ressources\\\/\",\"name\":\"Ressources - Commission des droits de la personne du Yukon\",\"isPartOf\":{\"@id\":\"https:\\\/\\\/yukonhumanrights.ca\\\/fr\\\/#website\"},\"datePublished\":\"2021-08-25T22:04:26+00:00\",\"description\":\"Les liens m\u00e8nent vers du contenu d\u2019int\u00e9r\u00eat g\u00e9n\u00e9ral sur les droits de la personne. La Commission n\u2019approuve ni ne garantit l\u2019exactitude du contenu des sites en question.\",\"breadcrumb\":{\"@id\":\"https:\\\/\\\/yukonhumanrights.ca\\\/fr\\\/ressources\\\/#breadcrumb\"},\"inLanguage\":\"fr-FR\",\"potentialAction\":[{\"@type\":\"ReadAction\",\"target\":[\"https:\\\/\\\/yukonhumanrights.ca\\\/fr\\\/ressources\\\/\"]}]},{\"@type\":\"BreadcrumbList\",\"@id\":\"https:\\\/\\\/yukonhumanrights.ca\\\/fr\\\/ressources\\\/#breadcrumb\",\"itemListElement\":[{\"@type\":\"ListItem\",\"position\":1,\"name\":\"Home\",\"item\":\"https:\\\/\\\/yukonhumanrights.ca\\\/fr\\\/\"},{\"@type\":\"ListItem\",\"position\":2,\"name\":\"Ressources\"}]},{\"@type\":\"WebSite\",\"@id\":\"https:\\\/\\\/yukonhumanrights.ca\\\/fr\\\/#website\",\"url\":\"https:\\\/\\\/yukonhumanrights.ca\\\/fr\\\/\",\"name\":\"Commission des droits de la personne du Yukon\",\"description\":\"\",\"potentialAction\":[{\"@type\":\"SearchAction\",\"target\":{\"@type\":\"EntryPoint\",\"urlTemplate\":\"https:\\\/\\\/yukonhumanrights.ca\\\/fr\\\/?s={search_term_string}\"},\"query-input\":{\"@type\":\"PropertyValueSpecification\",\"valueRequired\":true,\"valueName\":\"search_term_string\"}}],\"inLanguage\":\"fr-FR\"}]}<\/script>\n<!-- \/ Yoast SEO plugin. -->","yoast_head_json":{"title":"Ressources - Commission des droits de la personne du Yukon","description":"Les liens m\u00e8nent vers du contenu d\u2019int\u00e9r\u00eat g\u00e9n\u00e9ral sur les droits de la personne. La Commission n\u2019approuve ni ne garantit l\u2019exactitude du contenu des sites en question.","robots":{"index":"index","follow":"follow","max-snippet":"max-snippet:-1","max-image-preview":"max-image-preview:large","max-video-preview":"max-video-preview:-1"},"canonical":"https:\/\/yukonhumanrights.ca\/fr\/ressources\/","og_locale":"fr_FR","og_type":"article","og_title":"Ressources - Commission des droits de la personne du Yukon","og_description":"Les liens m\u00e8nent vers du contenu d\u2019int\u00e9r\u00eat g\u00e9n\u00e9ral sur les droits de la personne. La Commission n\u2019approuve ni ne garantit l\u2019exactitude du contenu des sites en question.","og_url":"https:\/\/yukonhumanrights.ca\/fr\/ressources\/","og_site_name":"Commission des droits de la personne du Yukon","twitter_card":"summary_large_image","twitter_misc":{"Dur\u00e9e de lecture estim\u00e9e":"3 minutes"},"schema":{"@context":"https:\/\/schema.org","@graph":[{"@type":"WebPage","@id":"https:\/\/yukonhumanrights.ca\/fr\/ressources\/","url":"https:\/\/yukonhumanrights.ca\/fr\/ressources\/","name":"Ressources - Commission des droits de la personne du Yukon","isPartOf":{"@id":"https:\/\/yukonhumanrights.ca\/fr\/#website"},"datePublished":"2021-08-25T22:04:26+00:00","description":"Les liens m\u00e8nent vers du contenu d\u2019int\u00e9r\u00eat g\u00e9n\u00e9ral sur les droits de la personne. La Commission n\u2019approuve ni ne garantit l\u2019exactitude du contenu des sites en question.","breadcrumb":{"@id":"https:\/\/yukonhumanrights.ca\/fr\/ressources\/#breadcrumb"},"inLanguage":"fr-FR","potentialAction":[{"@type":"ReadAction","target":["https:\/\/yukonhumanrights.ca\/fr\/ressources\/"]}]},{"@type":"BreadcrumbList","@id":"https:\/\/yukonhumanrights.ca\/fr\/ressources\/#breadcrumb","itemListElement":[{"@type":"ListItem","position":1,"name":"Home","item":"https:\/\/yukonhumanrights.ca\/fr\/"},{"@type":"ListItem","position":2,"name":"Ressources"}]},{"@type":"WebSite","@id":"https:\/\/yukonhumanrights.ca\/fr\/#website","url":"https:\/\/yukonhumanrights.ca\/fr\/","name":"Commission des droits de la personne du Yukon","description":"","potentialAction":[{"@type":"SearchAction","target":{"@type":"EntryPoint","urlTemplate":"https:\/\/yukonhumanrights.ca\/fr\/?s={search_term_string}"},"query-input":{"@type":"PropertyValueSpecification","valueRequired":true,"valueName":"search_term_string"}}],"inLanguage":"fr-FR"}]}},"_links":{"self":[{"href":"https:\/\/yukonhumanrights.ca\/fr\/wp-json\/wp\/v2\/pages\/2078","targetHints":{"allow":["GET"]}}],"collection":[{"href":"https:\/\/yukonhumanrights.ca\/fr\/wp-json\/wp\/v2\/pages"}],"about":[{"href":"https:\/\/yukonhumanrights.ca\/fr\/wp-json\/wp\/v2\/types\/page"}],"author":[{"embeddable":true,"href":"https:\/\/yukonhumanrights.ca\/fr\/wp-json\/wp\/v2\/users\/4"}],"replies":[{"embeddable":true,"href":"https:\/\/yukonhumanrights.ca\/fr\/wp-json\/wp\/v2\/comments?post=2078"}],"version-history":[{"count":4,"href":"https:\/\/yukonhumanrights.ca\/fr\/wp-json\/wp\/v2\/pages\/2078\/revisions"}],"predecessor-version":[{"id":2082,"href":"https:\/\/yukonhumanrights.ca\/fr\/wp-json\/wp\/v2\/pages\/2078\/revisions\/2082"}],"wp:attachment":[{"href":"https:\/\/yukonhumanrights.ca\/fr\/wp-json\/wp\/v2\/media?parent=2078"}],"curies":[{"name":"wp","href":"https:\/\/api.w.org\/{rel}","templated":true}]}}